{"id":6654,"date":"2022-01-19T17:29:29","date_gmt":"2022-01-19T22:29:29","guid":{"rendered":"https:\/\/estudiainteligente.com\/site\/?page_id=6654"},"modified":"2024-07-09T17:01:29","modified_gmt":"2024-07-09T22:01:29","slug":"politica-de-privacidad","status":"publish","type":"page","link":"https:\/\/estudiainteligente.com\/site\/politica-de-privacidad\/","title":{"rendered":"POL\u00cdTICA DE CAMBIOS Y DEVOLUCIONES"},"content":{"rendered":"<div class=\"wpb-content-wrapper\">[vc_row][vc_column][vc_column_text]\n\n<h2 class=\"wp-block-heading\"><strong>POL\u00cdTICA DE CAMBIOS Y DEVOLUCIONES<\/strong><\/h2>\n<p>\u00a1Bienvenidos\/as a Estudia Inteligente! Somos un centro de estudios que ofrece cursos preuniversitarios, de capacitaci\u00f3n y clases de nivelaci\u00f3n de modo personalizado. Promovemos el respeto y la equidad entre profesores, estudiantes, padres de familia, administrativos y dem\u00e1s, te invitamos a que nos ayudes a mantener este ambiente.<\/p>\n<p><strong>CAMBIOS<\/strong><\/p>\n<p>Estudia Inteligente permite hacer cambios en las fechas de las clases de nivelaci\u00f3n y cursos previamente acordadas siempre y cuando estas no hayan iniciado y hasta 24 horas antes de la hora de inicio de la primera clase.<\/p>\n<p><strong>CLASES<\/strong><\/p>\n<p>Las clases empiezan a la hora en punto y terminan a la hora en punto. Te pedimos que llegues puntualmente a tu clase. El\/la profesor\/a esperar\u00e1 m\u00e1ximo 20 minutos al estudiante.<\/p>\n<p>En caso de que el\/la estudiante no pueda asistir a clases deber\u00e1 revisar la grabaci\u00f3n de la clase, esto para los casos de clases en grupo.<\/p>\n<p>Si existe un problema de fuerza mayor con la conexi\u00f3n a la clase por parte de Estudia Inteligente esta se retrasar\u00e1 unos minutos y se cubrir\u00e1 la totalidad del tiempo de clase programado y, si el problema persiste, se reagendar\u00e1 la clase en un nuevo horario.<\/p>\n<p><strong>HORAS Y PAQUETES MENSUALES DE NIVELACI\u00d3N<br \/><\/strong><br \/>Tenemos un horario convenido y este solo puede ser modificado si se pide cambio de hora con 24 horas de antelaci\u00f3n, caso contrario la hora ser\u00e1 contada como dictada y se registrar\u00e1 con falta sin opci\u00f3n a recuperaci\u00f3n. Estudia Inteligente se guarda el derecho a realizar el cambio de acuerdo con la disponibilidad del centro de estudios.<\/p>\n<p>Los paquetes mensuales duran un mes calendario, si se ha contratado un paquete y no se ha hecho uso de todas estas horas en el plazo del mes las horas sobrantes expiran.<\/p>\n<p>Si solicitas contratar m\u00e1s horas sobre el n\u00famero del paquete, cada hora ser\u00e1 al precio del paquete contratado, siempre y cuando se solicite estas horas hasta 24 horas despu\u00e9s de finalizado el paquete.<\/p>\n<p>El paquete se da por finalizado al momento en que Estudia Inteligente haya dictado todas sus horas o, en su defecto, el paquete de horas haya expirado.<\/p>\n<p><strong>ACCESOS A LA PLATAFORMA ESTUDIA VIRTUAL<\/strong><\/p>\n<p>En caso de contratar un curso preuniversitario con clases el acceso a la plataforma Estudia Virtual es desde la fecha de inscripci\u00f3n hasta la fecha de examen, que se debe notificar a Estudia Inteligente. El acceso es 24\/7 durante este lapso de tiempo.<\/p>\n<p>En casos de contratar un acceso a la plataforma (simuladores y\/o cursos) el acceso es por 20 d\u00edas a partir de la compra. Puedes ingresar a la plataforma las veces que desees y hacer los simuladores cuantas veces quieras. El acceso es 24\/7 por los 20 d\u00edas.<\/p>\n<p><strong>DEVOLUCIONES<\/strong><\/p>\n<p><strong>Se reembolsar\u00e1 el 70% del valor del curso si el cliente notifica la cancelaci\u00f3n hasta 5 d\u00edas despu\u00e9s de realizada la inscripci\u00f3n, siempre y cuando el curso NO haya iniciado.<\/strong>\u00a0Sin embargo, <strong>pasado este per\u00edodo de 5 d\u00edas, o si el curso ya ha iniciado ( lo que suceda primero), NO se realizar\u00e1n reembolsos de ning\u00fan tipo<\/strong>. Debes notificar a nuestro equipo de servicio al cliente acerca de la devoluci\u00f3n, antes de que se cumplan los 5 d\u00edas.\u00a0<\/p>\n<p><!-- \/wp:post-content --><strong>PAGOS<\/strong><\/p>\n<p>Los servicios solicitados a Estudia Inteligente deben ser cancelados antes de que inicien las clases para procesar la inscripci\u00f3n y confirmar el horario. No se dar\u00e1 clases si estas no han sido canceladas previamente.<\/p>\n<p>El cliente se compromete a pagar la totalidad del valor del paquete solicitado en un solo pago al inicio del mismo.<\/p>\n<p>En el caso especial de que se acuerde hacerlo en dos pagos, se debe hacer uno al inicio y otro hacia la mitad del curso iniciado. Si los pagos no se han hecho de esta manera Estudia Inteligente se guarda el derecho a no impartir las clases contratadas.<\/p>\n<p>En caso de cursos mensuales, el pago debe ser realizado en al inicio de cada mes cumplido de clases. Si el pago no se ha hecho de esta manera, Estudia Inteligente se guarda el derecho a no impartir las clases contratadas.<\/p>\n<p>En caso de que el cliente ya no desee el paquete contratado se podr\u00e1 reprogramar este para una nueva fecha o asignarlo a otro estudiante. No se devolver\u00e1 el dinero.<\/p>\n<p><strong>DESCUENTOS<\/strong><\/p>\n<p>Los descuentos no son acumulativos, solo se puede aplicar un descuento por compra en caso de que aplique.<\/p>\n<p>Estudia Inteligente se reserva el derecha a aplicar un descuento en caso de que la informaci\u00f3n de validaci\u00f3n del mismo no sea clara o se note que est\u00e1 alterada.<\/p>\n<!-- \/wp:paragraph -->\n<!-- wp:heading -->\n<h2><strong>POL\u00cdTICA DE PRIVACIDAD<\/strong><\/h2>\n<h2><strong>Estimado Cliente:<\/strong><\/h2>\n<!-- \/wp:heading -->\n<!-- wp:heading --><!-- \/wp:heading -->\n<p><!-- wp:paragraph -->Recolectamos informaci\u00f3n personal de sus clientes con fines promocionales exclusivos y los medios de contacto, previa autorizaci\u00f3n de los clientes, son e-mail, sms y correo directo. La informaci\u00f3n de los clientes se recolecta a trav\u00e9s de rifas y concursos en tiendas, registro en p\u00e1gina web, registro en el punto de venta y actividades con seguidores de la marca en redes sociales.<\/p>\n<!-- \/wp:paragraph -->\n<p><!-- wp:paragraph -->Las comunicaciones que se enviar\u00e1n a los clientes ser\u00e1n correos electr\u00f3nicos de bienvenida a la base de datos de newsletter con informaci\u00f3n del producto, mensajes de cumplea\u00f1os, informaci\u00f3n sobre eventos especiales y din\u00e1micas promocionales, mensajes en fechas especiales y otros que impliquen informaci\u00f3n de producto o promoci\u00f3n.<\/p>\n<!-- \/wp:paragraph -->\n<p><!-- wp:paragraph -->La informaci\u00f3n de los clientes no se utilizar\u00e1 para ning\u00fan fin diferente a los anteriormente mencionados y ser\u00e1 de uso exclusivo nuestro.<\/p>\n<!-- \/wp:paragraph -->\n<p><!-- wp:paragraph -->Todos los correos electr\u00f3nicos incluyen la opci\u00f3n de desafiliaci\u00f3n al recibo de correos electr\u00f3nicos mediante la cual el cliente puede renunciar a recibir informaci\u00f3n futura por esta v\u00eda. La desafiliaci\u00f3n a otros canales se debe hacer por los canales de atenci\u00f3n al cliente.<\/p>\n<!-- \/wp:paragraph -->\n<!-- wp:heading -->\n<h2>Cookies<\/h2>\n<!-- \/wp:heading -->\n<!-- wp:paragraph --><!-- \/wp:paragraph -->\n<p><!-- wp:paragraph -->Si tienes una cuenta y te conectas a este sitio, instalaremos una cookie temporal para determinar si tu navegador acepta cookies. Esta cookie no contiene datos personales y se elimina al cerrar el navegador.<\/p>\n<!-- \/wp:paragraph -->\n<p><!-- wp:paragraph -->Cuando accedas, tambi\u00e9n instalaremos varias cookies para guardar tu informaci\u00f3n de acceso y tus opciones de visualizaci\u00f3n de pantalla. Las cookies de acceso duran dos d\u00edas, y las cookies de opciones de pantalla duran un a\u00f1o. Si seleccionas \u00abRecu\u00e9rdarme\u00bb, tu acceso perdurar\u00e1 durante dos semanas. Si sales de tu cuenta, las cookies de acceso se eliminar\u00e1n.<\/p>\n<!-- \/wp:paragraph -->\n<p><!-- wp:paragraph -->Si editas o publicas un art\u00edculo se guardar\u00e1 una cookie adicional en tu navegador. Esta cookie no incluye datos personales y simplemente indica el ID del art\u00edculo que acabas de editar. Caduca despu\u00e9s de 1 d\u00eda.<\/p>\n<!-- \/wp:paragraph -->\n<!-- wp:heading -->\n<h2>Contenido incrustado de otros sitios web<\/h2>\n<!-- \/wp:heading -->\n<p><!-- wp:paragraph -->Los art\u00edculos de este sitio pueden incluir contenido incrustado (por ejemplo, v\u00eddeos, im\u00e1genes, art\u00edculos, etc.). El contenido incrustado de otras webs se comporta exactamente de la misma manera que si el visitante hubiera visitado la otra web.<\/p>\n<!-- \/wp:paragraph -->\n<p><!-- wp:paragraph -->Estas web pueden recopilar datos sobre ti, utilizar cookies, incrustar un seguimiento adicional de terceros, y supervisar tu interacci\u00f3n con ese contenido incrustado, incluido el seguimiento de tu interacci\u00f3n con el contenido incrustado si tienes una cuenta y est\u00e1s conectado a esa web.<\/p>\n<!-- \/wp:paragraph -->\n<!-- wp:heading -->\n<h2>Con qui\u00e9n compartimos tus datos<\/h2>\n<!-- \/wp:heading -->\n<p><!-- wp:paragraph -->Si solicitas un restablecimiento de contrase\u00f1a, tu direcci\u00f3n IP ser\u00e1 incluida en el correo electr\u00f3nico de restablecimiento.<\/p>\n<!-- \/wp:paragraph -->\n<!-- wp:heading -->\n<h2>Cu\u00e1nto tiempo conservamos tus datos<\/h2>\n<!-- \/wp:heading -->\n<p><!-- wp:paragraph -->Si dejas un comentario, el comentario y sus metadatos se conservan indefinidamente. Esto es para que podamos reconocer y aprobar comentarios sucesivos autom\u00e1ticamente, en lugar de mantenerlos en una cola de moderaci\u00f3n.<\/p>\n<!-- \/wp:paragraph -->\n<p><!-- wp:paragraph -->De los usuarios que se registran en nuestra web (si los hay), tambi\u00e9n almacenamos la informaci\u00f3n personal que proporcionan en su perfil de usuario. Todos los usuarios pueden ver, editar o eliminar su informaci\u00f3n personal en cualquier momento (excepto que no pueden cambiar su nombre de usuario). Los administradores de la web tambi\u00e9n pueden ver y editar esa informaci\u00f3n.<\/p>\n<!-- \/wp:paragraph -->\n<!-- wp:heading -->\n<h2>Qu\u00e9 derechos tienes sobre tus datos<\/h2>\n<!-- \/wp:heading -->\n<p><!-- wp:paragraph -->Si tienes una cuenta o has dejado comentarios en esta web, puedes solicitar recibir un archivo de exportaci\u00f3n de los datos personales que tenemos sobre ti, incluyendo cualquier dato que nos hayas proporcionado. Tambi\u00e9n puedes solicitar que eliminemos cualquier dato personal que tengamos sobre ti. Esto no incluye ning\u00fan dato que estemos obligados a conservar con fines administrativos, legales o de seguridad.<\/p>\n<p><!-- \/wp:paragraph -->\u00a0<\/p>\n[\/vc_column_text][\/vc_column][\/vc_row]\n<\/div>","protected":false},"excerpt":{"rendered":"<p>[vc_row][vc_column][vc_column_text] POL\u00cdTICA DE CAMBIOS Y DEVOLUCIONES \u00a1Bienvenidos\/as a Estudia Inteligente! Somos un centro de estudios que ofrece cursos preuniversitarios, de [&hellip;]<\/p>\n","protected":false},"author":1,"featured_media":0,"parent":0,"menu_order":0,"comment_status":"closed","ping_status":"closed","template":"","meta":{"footnotes":""},"class_list":["post-6654","page","type-page","status-publish","hentry"],"yoast_head":"<!-- This site is optimized with the Yoast SEO plugin v27.2 - https:\/\/yoast.com\/product\/yoast-seo-wordpress\/ -->\n<title>POL\u00cdTICA DE CAMBIOS Y DEVOLUCIONES - Estudia Inteligente<\/title>\n<meta name=\"description\" content=\"Centro de estudios y clases de nivelaci\u00f3n\" \/>\n<meta name=\"robots\" content=\"index, follow, max-snippet:-1, max-image-preview:large, max-video-preview:-1\" \/>\n<link rel=\"canonical\" href=\"https:\/\/estudiainteligente.com\/site\/politica-de-privacidad\/\" \/>\n<meta property=\"og:locale\" content=\"es_ES\" \/>\n<meta property=\"og:type\" content=\"article\" \/>\n<meta property=\"og:title\" content=\"POL\u00cdTICA DE CAMBIOS Y DEVOLUCIONES - Estudia Inteligente\" \/>\n<meta property=\"og:description\" content=\"Centro de estudios y clases de nivelaci\u00f3n\" \/>\n<meta property=\"og:url\" content=\"https:\/\/estudiainteligente.com\/site\/politica-de-privacidad\/\" \/>\n<meta property=\"og:site_name\" content=\"Estudia Inteligente\" \/>\n<meta property=\"article:publisher\" content=\"http:\/\/www.facebook.com\/estudiainteligente\" \/>\n<meta property=\"article:modified_time\" content=\"2024-07-09T22:01:29+00:00\" \/>\n<meta name=\"twitter:card\" content=\"summary_large_image\" \/>\n<meta name=\"twitter:label1\" content=\"Tiempo de lectura\" \/>\n\t<meta name=\"twitter:data1\" content=\"6 minutos\" \/>\n<script type=\"application\/ld+json\" class=\"yoast-schema-graph\">{\"@context\":\"https:\/\/schema.org\",\"@graph\":[{\"@type\":\"WebPage\",\"@id\":\"https:\/\/estudiainteligente.com\/site\/politica-de-privacidad\/\",\"url\":\"https:\/\/estudiainteligente.com\/site\/politica-de-privacidad\/\",\"name\":\"POL\u00cdTICA DE CAMBIOS Y DEVOLUCIONES - Estudia Inteligente\",\"isPartOf\":{\"@id\":\"https:\/\/estudiainteligente.com\/site\/#website\"},\"datePublished\":\"2022-01-19T22:29:29+00:00\",\"dateModified\":\"2024-07-09T22:01:29+00:00\",\"description\":\"Centro de estudios y clases de nivelaci\u00f3n\",\"breadcrumb\":{\"@id\":\"https:\/\/estudiainteligente.com\/site\/politica-de-privacidad\/#breadcrumb\"},\"inLanguage\":\"es\",\"potentialAction\":[{\"@type\":\"ReadAction\",\"target\":[\"https:\/\/estudiainteligente.com\/site\/politica-de-privacidad\/\"]}]},{\"@type\":\"BreadcrumbList\",\"@id\":\"https:\/\/estudiainteligente.com\/site\/politica-de-privacidad\/#breadcrumb\",\"itemListElement\":[{\"@type\":\"ListItem\",\"position\":1,\"name\":\"Portada\",\"item\":\"https:\/\/estudiainteligente.com\/site\/\"},{\"@type\":\"ListItem\",\"position\":2,\"name\":\"POL\u00cdTICA DE CAMBIOS Y DEVOLUCIONES\"}]},{\"@type\":\"WebSite\",\"@id\":\"https:\/\/estudiainteligente.com\/site\/#website\",\"url\":\"https:\/\/estudiainteligente.com\/site\/\",\"name\":\"Estudia Inteligente\",\"description\":\"Centro de estudios y Clases de nivelaci\u00f3n\",\"publisher\":{\"@id\":\"https:\/\/estudiainteligente.com\/site\/#organization\"},\"potentialAction\":[{\"@type\":\"SearchAction\",\"target\":{\"@type\":\"EntryPoint\",\"urlTemplate\":\"https:\/\/estudiainteligente.com\/site\/?s={search_term_string}\"},\"query-input\":{\"@type\":\"PropertyValueSpecification\",\"valueRequired\":true,\"valueName\":\"search_term_string\"}}],\"inLanguage\":\"es\"},{\"@type\":\"Organization\",\"@id\":\"https:\/\/estudiainteligente.com\/site\/#organization\",\"name\":\"Estudia Inteligente\",\"url\":\"https:\/\/estudiainteligente.com\/site\/\",\"logo\":{\"@type\":\"ImageObject\",\"inLanguage\":\"es\",\"@id\":\"https:\/\/estudiainteligente.com\/site\/#\/schema\/logo\/image\/\",\"url\":\"https:\/\/i0.wp.com\/estudiainteligente.com\/site\/wp-content\/uploads\/2019\/02\/LogoWeb.png?fit=230%2C134&ssl=1\",\"contentUrl\":\"https:\/\/i0.wp.com\/estudiainteligente.com\/site\/wp-content\/uploads\/2019\/02\/LogoWeb.png?fit=230%2C134&ssl=1\",\"width\":230,\"height\":134,\"caption\":\"Estudia Inteligente\"},\"image\":{\"@id\":\"https:\/\/estudiainteligente.com\/site\/#\/schema\/logo\/image\/\"},\"sameAs\":[\"http:\/\/www.facebook.com\/estudiainteligente\",\"https:\/\/www.instagram.com\/estudiainteligente\/\",\"https:\/\/www.pinterest.com\/estudiainteligente\/\",\"https:\/\/www.youtube.com\/channel\/UCWmGCRKEufrBD1bhksU5XGw\"]}]}<\/script>\n<!-- \/ Yoast SEO plugin. -->","yoast_head_json":{"title":"POL\u00cdTICA DE CAMBIOS Y DEVOLUCIONES - Estudia Inteligente","description":"Centro de estudios y clases de nivelaci\u00f3n","robots":{"index":"index","follow":"follow","max-snippet":"max-snippet:-1","max-image-preview":"max-image-preview:large","max-video-preview":"max-video-preview:-1"},"canonical":"https:\/\/estudiainteligente.com\/site\/politica-de-privacidad\/","og_locale":"es_ES","og_type":"article","og_title":"POL\u00cdTICA DE CAMBIOS Y DEVOLUCIONES - Estudia Inteligente","og_description":"Centro de estudios y clases de nivelaci\u00f3n","og_url":"https:\/\/estudiainteligente.com\/site\/politica-de-privacidad\/","og_site_name":"Estudia Inteligente","article_publisher":"http:\/\/www.facebook.com\/estudiainteligente","article_modified_time":"2024-07-09T22:01:29+00:00","twitter_card":"summary_large_image","twitter_misc":{"Tiempo de lectura":"6 minutos"},"schema":{"@context":"https:\/\/schema.org","@graph":[{"@type":"WebPage","@id":"https:\/\/estudiainteligente.com\/site\/politica-de-privacidad\/","url":"https:\/\/estudiainteligente.com\/site\/politica-de-privacidad\/","name":"POL\u00cdTICA DE CAMBIOS Y DEVOLUCIONES - Estudia Inteligente","isPartOf":{"@id":"https:\/\/estudiainteligente.com\/site\/#website"},"datePublished":"2022-01-19T22:29:29+00:00","dateModified":"2024-07-09T22:01:29+00:00","description":"Centro de estudios y clases de nivelaci\u00f3n","breadcrumb":{"@id":"https:\/\/estudiainteligente.com\/site\/politica-de-privacidad\/#breadcrumb"},"inLanguage":"es","potentialAction":[{"@type":"ReadAction","target":["https:\/\/estudiainteligente.com\/site\/politica-de-privacidad\/"]}]},{"@type":"BreadcrumbList","@id":"https:\/\/estudiainteligente.com\/site\/politica-de-privacidad\/#breadcrumb","itemListElement":[{"@type":"ListItem","position":1,"name":"Portada","item":"https:\/\/estudiainteligente.com\/site\/"},{"@type":"ListItem","position":2,"name":"POL\u00cdTICA DE CAMBIOS Y DEVOLUCIONES"}]},{"@type":"WebSite","@id":"https:\/\/estudiainteligente.com\/site\/#website","url":"https:\/\/estudiainteligente.com\/site\/","name":"Estudia Inteligente","description":"Centro de estudios y Clases de nivelaci\u00f3n","publisher":{"@id":"https:\/\/estudiainteligente.com\/site\/#organization"},"potentialAction":[{"@type":"SearchAction","target":{"@type":"EntryPoint","urlTemplate":"https:\/\/estudiainteligente.com\/site\/?s={search_term_string}"},"query-input":{"@type":"PropertyValueSpecification","valueRequired":true,"valueName":"search_term_string"}}],"inLanguage":"es"},{"@type":"Organization","@id":"https:\/\/estudiainteligente.com\/site\/#organization","name":"Estudia Inteligente","url":"https:\/\/estudiainteligente.com\/site\/","logo":{"@type":"ImageObject","inLanguage":"es","@id":"https:\/\/estudiainteligente.com\/site\/#\/schema\/logo\/image\/","url":"https:\/\/i0.wp.com\/estudiainteligente.com\/site\/wp-content\/uploads\/2019\/02\/LogoWeb.png?fit=230%2C134&ssl=1","contentUrl":"https:\/\/i0.wp.com\/estudiainteligente.com\/site\/wp-content\/uploads\/2019\/02\/LogoWeb.png?fit=230%2C134&ssl=1","width":230,"height":134,"caption":"Estudia Inteligente"},"image":{"@id":"https:\/\/estudiainteligente.com\/site\/#\/schema\/logo\/image\/"},"sameAs":["http:\/\/www.facebook.com\/estudiainteligente","https:\/\/www.instagram.com\/estudiainteligente\/","https:\/\/www.pinterest.com\/estudiainteligente\/","https:\/\/www.youtube.com\/channel\/UCWmGCRKEufrBD1bhksU5XGw"]}]}},"post_mailing_queue_ids":[],"_links":{"self":[{"href":"https:\/\/estudiainteligente.com\/site\/wp-json\/wp\/v2\/pages\/6654","targetHints":{"allow":["GET"]}}],"collection":[{"href":"https:\/\/estudiainteligente.com\/site\/wp-json\/wp\/v2\/pages"}],"about":[{"href":"https:\/\/estudiainteligente.com\/site\/wp-json\/wp\/v2\/types\/page"}],"author":[{"embeddable":true,"href":"https:\/\/estudiainteligente.com\/site\/wp-json\/wp\/v2\/users\/1"}],"replies":[{"embeddable":true,"href":"https:\/\/estudiainteligente.com\/site\/wp-json\/wp\/v2\/comments?post=6654"}],"version-history":[{"count":8,"href":"https:\/\/estudiainteligente.com\/site\/wp-json\/wp\/v2\/pages\/6654\/revisions"}],"predecessor-version":[{"id":10922,"href":"https:\/\/estudiainteligente.com\/site\/wp-json\/wp\/v2\/pages\/6654\/revisions\/10922"}],"wp:attachment":[{"href":"https:\/\/estudiainteligente.com\/site\/wp-json\/wp\/v2\/media?parent=6654"}],"curies":[{"name":"wp","href":"https:\/\/api.w.org\/{rel}","templated":true}]}}