{"id":2346,"date":"2020-07-02T11:06:07","date_gmt":"2020-07-02T16:06:07","guid":{"rendered":"http:\/\/estudiainteligente.com\/site\/?post_type=product&#038;p=2346"},"modified":"2022-07-07T14:33:11","modified_gmt":"2022-07-07T19:33:11","slug":"examen-transformar-costa","status":"publish","type":"product","link":"https:\/\/estudiainteligente.com\/site\/producto\/examen-transformar-costa\/","title":{"rendered":"Examen Transformar R\u00e9gimen Costa 2023"},"content":{"rendered":"<h3 style=\"text-align: center;\">\u00a1Prep\u00e1rate para ingresar a la universidad de tus sue\u00f1os!<\/h3>\n<h3 style=\"text-align: center;\">Prep\u00e1rate De Forma Inteligente para el Examen Transformar R\u00e9gimen Costa<\/h3>\n<h3 class=\"alignleft\">Contenido<\/h3>\n<p><strong>Examen Transformar R\u00e9gimen Costa<\/strong><\/p>\n<p>Accede a nuestro curso online con clases en tiempo real. As\u00ed, tendr\u00e1s acceso a simuladores del Examen. Estos cuentan con m\u00e1s de 1000 ejercicios actualizados del Examen Transformar. \u00a1Comienza tu preparaci\u00f3n de forma inteligente!<\/p>\n<div class=\"shortcode-wrapper shortcode-list clearfix\"><ul class=\"hb-ul-list\">\n<li><i class=\"icon-ok\" style=\"color:#ba007c\"><\/i><strong>Clases en grupos peque\u00f1os <\/strong>(m\u00e1ximo 15 estudiantes por grupo).<\/li>\n<li><i class=\"icon-ok\" style=\"color:#85b037\"><\/i>Curso <strong>100% online<\/strong> con clases en tiempo real.<\/li>\n<li><i class=\"icon-ok\" style=\"color:#ce6b01\"><\/i>Clases en <strong>Razonamiento Num\u00e9rico, L\u00f3gico, Verbal y Atenci\u00f3n y Concentraci\u00f3n<\/strong>.<\/li>\n<li><i class=\"icon-ok\" style=\"color:#7bbbe8\"><\/i><strong>Tutores especializados<\/strong> Certificados en Docencia Virtual.<\/li>\n<li><i class=\"icon-ok\" style=\"color:#db9600\"><\/i><strong>T\u00e9cnicas<\/strong> para Rendir el Examen.<\/li>\n<li><i class=\"icon-ok\" style=\"color:#70a83b\"><\/i>Acceso a nuestra plataforma <strong>Estudia Virtual<\/strong> 24\/7 hasta tu fecha de examen, incluye <strong>material digital<\/strong> de preparaci\u00f3n para el examen.<\/li>\n<li><i class=\"icon-ok\" style=\"color:#ba007c\"><\/i><strong>Simuladores completos<\/strong> del examen.<\/li>\n<\/ul><\/div>\n<h3 class=\"alignleft\" style=\"text-align: center;\">\u00bfPor qu\u00e9 es necesario tomar un curso de preparaci\u00f3n para ingresar a la Universidad?<\/h3>\n<p>En primer lugar, <b>prepararte para el ingreso a la Universidad te da la ventaja de saber a qu\u00e9 te atienes el d\u00eda del examen<\/b>. En segundo lugar, la asesor\u00eda que recibir\u00e1s te despejar\u00e1 muchas de tus dudas y te dar\u00e1 confianza. Con esto en cuenta, te traemos otras ventajas de realizar el <a href=\"https:\/\/estudiainteligente.com\/site\/examen-transformar\/\" target=\"_blank\" rel=\"noopener\">curso de preparaci\u00f3n Examen Transformar R\u00e9gimen Costa<\/a>:<br \/>\n<div class=\"shortcode-wrapper shortcode-list clearfix\"><ul class=\"hb-ul-list\"><li><i class=\"icon-ok\" style=\"color:#ce6b01\"><\/i>Primeramente, estudiar\u00e1s los temas que competen al examen.<\/li><li><i class=\"icon-ok\" style=\"color:#70a83b\"><\/i>De este modo, practicar\u00e1s con ejercicios modelos del examen.<\/li>\n<li><i class=\"icon-ok\" style=\"color:#009bdb\"><\/i>Adem\u00e1s, puedes familiarizarte con el examen.<\/li>\n<li><i class=\"icon-ok\" style=\"color:#db9600\"><\/i>Adicionalmente, tus tutores te guiar\u00e1n en las t\u00e9cnicas y tips para rendir el examen.<\/li>\n<li><i class=\"icon-ok\" style=\"color:#7bbbe8\"><\/i>Asimismo, har\u00e1s simuladores de forma guiada junto a tus profesores.<\/li><li><i class=\"icon-ok\" style=\"color:#ba007c\"><\/i>Finalmente, te beneficiar\u00e1s de la experiencia que tenemos en este curso para que tu preparaci\u00f3n sea completamente provechosa.<\/li>\n<\/ul><\/div>\n<h3 style=\"text-align: center;\">Nuestro Curso \u00a0Examen Transformar R\u00e9gimen Costa Estudia Inteligente<\/h3>\n<p><strong>Nuestro curso\u00a0 Examen Transformar R\u00e9gimen Costa cuenta con simuladores del examen. <\/strong>Los simuladores cubren todos los razonamientos. Como sabes, estos son: num\u00e9rico, l\u00f3gico, verbal y atenci\u00f3n y concentraci\u00f3n. As\u00ed, tienen preguntas relacionadas al examen real. Asimismo, los temas de las preguntas est\u00e1n acorde a los par\u00e1metros de la SENESCYT. <b>Con nuestro curso te beneficiar\u00e1s de hacer simuladores de forma guiada con tus tutores. <\/b>De esta manera, tus resultados ser\u00e1n los mejores. \u00a1Prep\u00e1rate de forma inteligente! Cumple tus metas e ingresa a la Universidad de tus sue\u00f1os. Conoce m\u00e1s sobre nuestro curso <a href=\"https:\/\/estudiainteligente.com\/site\/examen-transformar\/\" target=\"_blank\" rel=\"noopener\"><b>Examen Transformar aqu\u00ed.<\/b><\/a><\/p>\n<h3 style=\"text-align: center;\">Curso de Nivelaci\u00f3n Complementario Examen Transformar<\/h3>\n<p>\u00bfQuieres m\u00e1s? Tambi\u00e9n, tenemos un <strong><a href=\"https:\/\/www.youtube.com\/playlist?list=PLaAUABAdPhrN-l2LY46ox35ckeIfjQYjw\" target=\"_blank\" rel=\"noopener\">Curso de Nivelaci\u00f3n Gratuito Examen Transformar<\/a> en nuestra canal de YouTube<\/strong>. Aseg\u00farate de suscribirte a nuestro canal para que no te pierdas los nuevos videos. A la vez, estos videos te ayudar\u00e1n a complementar tu preparaci\u00f3n para que obtengas el mejor de los puntajes.<\/p>\n<p>Finalmente, \u00bftienes preguntas sobre nuestros simuladores o cursos?<\/p>\n<p>Escr\u00edbenos a nuestro <a href=\"https:\/\/wa.me\/message\/DSGEYLXGEBW5B1\" target=\"_blank\" rel=\"noopener\">WhatsApp 0987960020.<\/a> \u00a1Recuerda, estamos siempre felices de ayudarte!<\/p>\n<a href=\"https:\/\/api.whatsapp.com\/send?phone=593995120987&amp;text=Hola%20estoy%20interesad@%20en%20inscribirme%20al%20curso%20TRANSFORMAR\" class=\"hb-button hb-green-sea hb-large-button no-three-d\" target=\"_blank\" style=\"-webkit-border-radius: 2px;-moz-border-radius: 2px;border-radius: 2px;\"><i class=\"hb-moon-call-outgoing\"><\/i>WhatsApp 0995120987<\/a>\n","protected":false},"excerpt":{"rendered":"<h1 style=\"text-align: center;\"><strong>Curso de Preparaci\u00f3n para el Examen Transformar R\u00e9gimen Costa 2023<\/strong><\/h1>\n<p>En nuestro curso de preparaci\u00f3n del Examen Transformar, recibir\u00e1s clases en tiempo real 100% interactivas con los mejores profesores, en otras palabras, Estudia Inteligente es tu mejor opci\u00f3n.<\/p>\n<h3 class=\"alignleft\">Contenido<\/h3>\n<p><strong>Examen Transformar R\u00e9gimen Costa<\/strong><\/p>\n<p>Accede a nuestro curso online con clases en tiempo real. Tendr\u00e1s acceso a simuladores del Examen. Estos cuentan con m\u00e1s de 1000 ejercicios actualizados del Examen Transformar. \u00a1Comienza tu preparaci\u00f3n de forma inteligente!<\/p>\n[list type=\"icon\"][list_item icon=\"icon-ok\" color=\"#ba007c\"]<strong>Clases en grupos peque\u00f1os <\/strong>(m\u00e1ximo 15 estudiantes por grupo).[\/list_item][list_item icon=\"icon-ok\" color=\"#85b037\"]Curso <strong>100% online<\/strong> con clases en tiempo real.[\/list_item]<br \/>\n[list_item icon=\"icon-ok\" color=\"#ce6b01\"]Clases en <strong>Razonamiento Num\u00e9rico, L\u00f3gico, Verbal y Atenci\u00f3n y Concentraci\u00f3n<\/strong>.[\/list_item][list_item icon=\"icon-ok\" color=\"#7bbbe8\"]<strong>Tutores especializados<\/strong> Certificados en Docencia Virtual.[\/list_item]<br \/>\n[list_item icon=\"icon-ok\" color=\"#db9600\"]<strong>T\u00e9cnicas<\/strong> para Rendir el Examen.[\/list_item][list_item icon=\"icon-ok\" color=\"#70a83b\"]Acceso a nuestra plataforma <strong>Estudia Virtual<\/strong> 24\/7 hasta tu fecha de examen, incluye <strong>material digital<\/strong> de preparaci\u00f3n para el examen.[\/list_item][list_item icon=\"icon-ok\" color=\"#ba007c\"]<strong>Simuladores completos<\/strong> del examen.[\/list_item]<br \/>\n[\/list]\n[video_embed url=\"https:\/\/www.youtube.com\/watch?v=d7whDbGL_-k&amp;list=PLaAUABAdPhrN-l2LY46ox35ckeIfjQYjw&amp;index=12\" embed_style=\"default\"\u00a0 class=\", hbaligncenter\"]\n[button title=\"WhatsApp 0987960020\" link=\"https:\/\/api.whatsapp.com\/send?phone=593995120987&amp;text=Hola%20estoy%20interesad@%20en%20inscribirme%20al%20curso%20TRANSFORMAR\" new_tab=\"yes\" icon=\"hb-moon-call-outgoing\" size=\"small\" color=\"green-sea\"]\n","protected":false},"featured_media":7051,"template":"","meta":[],"product_brand":[],"product_cat":[86],"product_tag":[426],"class_list":{"0":"post-2346","1":"product","2":"type-product","3":"status-publish","4":"has-post-thumbnail","6":"product_cat-cursos","7":"product_tag-transformar2022","9":"first","10":"instock","11":"virtual","12":"purchasable","13":"product-type-simple"},"yoast_head":"<!-- This site is optimized with the Yoast SEO plugin v27.5 - https:\/\/yoast.com\/product\/yoast-seo-wordpress\/ -->\n<title>Examen Transformar R\u00e9gimen Costa 2023 - Estudia Inteligente<\/title>\n<meta name=\"description\" content=\"Estudia de forma inteligente con nuestro Curso Examen Transformar R\u00e9gimen Costa y asegura tu ingreso a la U con los mejores puntajes.\" \/>\n<meta name=\"robots\" content=\"index, follow, max-snippet:-1, max-image-preview:large, max-video-preview:-1\" \/>\n<link rel=\"canonical\" href=\"https:\/\/estudiainteligente.com\/site\/producto\/examen-transformar-costa\/\" \/>\n<meta property=\"og:locale\" content=\"es_ES\" \/>\n<meta property=\"og:type\" content=\"article\" \/>\n<meta property=\"og:title\" content=\"Examen Transformar R\u00e9gimen Costa 2023 - Estudia Inteligente\" \/>\n<meta property=\"og:description\" content=\"Estudia de forma inteligente con nuestro Curso Examen Transformar R\u00e9gimen Costa y asegura tu ingreso a la U con los mejores puntajes.\" \/>\n<meta property=\"og:url\" content=\"https:\/\/estudiainteligente.com\/site\/producto\/examen-transformar-costa\/\" \/>\n<meta property=\"og:site_name\" content=\"Estudia Inteligente\" \/>\n<meta property=\"article:publisher\" content=\"http:\/\/www.facebook.com\/estudiainteligente\" \/>\n<meta property=\"article:modified_time\" content=\"2022-07-07T19:33:11+00:00\" \/>\n<meta property=\"og:image\" content=\"https:\/\/estudiainteligente.com\/site\/wp-content\/uploads\/2020\/07\/Curso-TRANSFORMAR-COSTA.jpg\" \/>\n\t<meta property=\"og:image:width\" content=\"1080\" \/>\n\t<meta property=\"og:image:height\" content=\"1080\" \/>\n\t<meta property=\"og:image:type\" content=\"image\/jpeg\" \/>\n<meta name=\"twitter:card\" content=\"summary_large_image\" \/>\n<meta name=\"twitter:label1\" content=\"Tiempo de lectura\" \/>\n\t<meta name=\"twitter:data1\" content=\"3 minutos\" \/>\n<script type=\"application\/ld+json\" class=\"yoast-schema-graph\">{\"@context\":\"https:\\\/\\\/schema.org\",\"@graph\":[{\"@type\":\"WebPage\",\"@id\":\"https:\\\/\\\/estudiainteligente.com\\\/site\\\/producto\\\/examen-transformar-costa\\\/\",\"url\":\"https:\\\/\\\/estudiainteligente.com\\\/site\\\/producto\\\/examen-transformar-costa\\\/\",\"name\":\"Examen Transformar R\u00e9gimen Costa 2023 - Estudia Inteligente\",\"isPartOf\":{\"@id\":\"https:\\\/\\\/estudiainteligente.com\\\/site\\\/#website\"},\"primaryImageOfPage\":{\"@id\":\"https:\\\/\\\/estudiainteligente.com\\\/site\\\/producto\\\/examen-transformar-costa\\\/#primaryimage\"},\"image\":{\"@id\":\"https:\\\/\\\/estudiainteligente.com\\\/site\\\/producto\\\/examen-transformar-costa\\\/#primaryimage\"},\"thumbnailUrl\":\"https:\\\/\\\/estudiainteligente.com\\\/site\\\/wp-content\\\/uploads\\\/2020\\\/07\\\/Curso-TRANSFORMAR-COSTA.jpg\",\"datePublished\":\"2020-07-02T16:06:07+00:00\",\"dateModified\":\"2022-07-07T19:33:11+00:00\",\"description\":\"Estudia de forma inteligente con nuestro Curso Examen Transformar R\u00e9gimen Costa y asegura tu ingreso a la U con los mejores puntajes.\",\"breadcrumb\":{\"@id\":\"https:\\\/\\\/estudiainteligente.com\\\/site\\\/producto\\\/examen-transformar-costa\\\/#breadcrumb\"},\"inLanguage\":\"es\",\"potentialAction\":[{\"@type\":\"ReadAction\",\"target\":[\"https:\\\/\\\/estudiainteligente.com\\\/site\\\/producto\\\/examen-transformar-costa\\\/\"]}]},{\"@type\":\"ImageObject\",\"inLanguage\":\"es\",\"@id\":\"https:\\\/\\\/estudiainteligente.com\\\/site\\\/producto\\\/examen-transformar-costa\\\/#primaryimage\",\"url\":\"https:\\\/\\\/estudiainteligente.com\\\/site\\\/wp-content\\\/uploads\\\/2020\\\/07\\\/Curso-TRANSFORMAR-COSTA.jpg\",\"contentUrl\":\"https:\\\/\\\/estudiainteligente.com\\\/site\\\/wp-content\\\/uploads\\\/2020\\\/07\\\/Curso-TRANSFORMAR-COSTA.jpg\",\"width\":1080,\"height\":1080,\"caption\":\"Examen transformar regimen Costa\"},{\"@type\":\"BreadcrumbList\",\"@id\":\"https:\\\/\\\/estudiainteligente.com\\\/site\\\/producto\\\/examen-transformar-costa\\\/#breadcrumb\",\"itemListElement\":[{\"@type\":\"ListItem\",\"position\":1,\"name\":\"Portada\",\"item\":\"https:\\\/\\\/estudiainteligente.com\\\/site\\\/\"},{\"@type\":\"ListItem\",\"position\":2,\"name\":\"Tienda\",\"item\":\"https:\\\/\\\/estudiainteligente.com\\\/site\\\/tienda\\\/\"},{\"@type\":\"ListItem\",\"position\":3,\"name\":\"Examen Transformar R\u00e9gimen Costa 2023\"}]},{\"@type\":\"WebSite\",\"@id\":\"https:\\\/\\\/estudiainteligente.com\\\/site\\\/#website\",\"url\":\"https:\\\/\\\/estudiainteligente.com\\\/site\\\/\",\"name\":\"Estudia Inteligente\",\"description\":\"Centro de estudios y Clases de nivelaci\u00f3n\",\"publisher\":{\"@id\":\"https:\\\/\\\/estudiainteligente.com\\\/site\\\/#organization\"},\"potentialAction\":[{\"@type\":\"SearchAction\",\"target\":{\"@type\":\"EntryPoint\",\"urlTemplate\":\"https:\\\/\\\/estudiainteligente.com\\\/site\\\/?s={search_term_string}\"},\"query-input\":{\"@type\":\"PropertyValueSpecification\",\"valueRequired\":true,\"valueName\":\"search_term_string\"}}],\"inLanguage\":\"es\"},{\"@type\":\"Organization\",\"@id\":\"https:\\\/\\\/estudiainteligente.com\\\/site\\\/#organization\",\"name\":\"Estudia Inteligente\",\"url\":\"https:\\\/\\\/estudiainteligente.com\\\/site\\\/\",\"logo\":{\"@type\":\"ImageObject\",\"inLanguage\":\"es\",\"@id\":\"https:\\\/\\\/estudiainteligente.com\\\/site\\\/#\\\/schema\\\/logo\\\/image\\\/\",\"url\":\"https:\\\/\\\/i0.wp.com\\\/estudiainteligente.com\\\/site\\\/wp-content\\\/uploads\\\/2019\\\/02\\\/LogoWeb.png?fit=230%2C134&ssl=1\",\"contentUrl\":\"https:\\\/\\\/i0.wp.com\\\/estudiainteligente.com\\\/site\\\/wp-content\\\/uploads\\\/2019\\\/02\\\/LogoWeb.png?fit=230%2C134&ssl=1\",\"width\":230,\"height\":134,\"caption\":\"Estudia Inteligente\"},\"image\":{\"@id\":\"https:\\\/\\\/estudiainteligente.com\\\/site\\\/#\\\/schema\\\/logo\\\/image\\\/\"},\"sameAs\":[\"http:\\\/\\\/www.facebook.com\\\/estudiainteligente\",\"https:\\\/\\\/www.instagram.com\\\/estudiainteligente\\\/\",\"https:\\\/\\\/www.pinterest.com\\\/estudiainteligente\\\/\",\"https:\\\/\\\/www.youtube.com\\\/channel\\\/UCWmGCRKEufrBD1bhksU5XGw\"]}]}<\/script>\n<!-- \/ Yoast SEO plugin. -->","yoast_head_json":{"title":"Examen Transformar R\u00e9gimen Costa 2023 - Estudia Inteligente","description":"Estudia de forma inteligente con nuestro Curso Examen Transformar R\u00e9gimen Costa y asegura tu ingreso a la U con los mejores puntajes.","robots":{"index":"index","follow":"follow","max-snippet":"max-snippet:-1","max-image-preview":"max-image-preview:large","max-video-preview":"max-video-preview:-1"},"canonical":"https:\/\/estudiainteligente.com\/site\/producto\/examen-transformar-costa\/","og_locale":"es_ES","og_type":"article","og_title":"Examen Transformar R\u00e9gimen Costa 2023 - Estudia Inteligente","og_description":"Estudia de forma inteligente con nuestro Curso Examen Transformar R\u00e9gimen Costa y asegura tu ingreso a la U con los mejores puntajes.","og_url":"https:\/\/estudiainteligente.com\/site\/producto\/examen-transformar-costa\/","og_site_name":"Estudia Inteligente","article_publisher":"http:\/\/www.facebook.com\/estudiainteligente","article_modified_time":"2022-07-07T19:33:11+00:00","og_image":[{"width":1080,"height":1080,"url":"https:\/\/estudiainteligente.com\/site\/wp-content\/uploads\/2020\/07\/Curso-TRANSFORMAR-COSTA.jpg","type":"image\/jpeg"}],"twitter_card":"summary_large_image","twitter_misc":{"Tiempo de lectura":"3 minutos"},"schema":{"@context":"https:\/\/schema.org","@graph":[{"@type":"WebPage","@id":"https:\/\/estudiainteligente.com\/site\/producto\/examen-transformar-costa\/","url":"https:\/\/estudiainteligente.com\/site\/producto\/examen-transformar-costa\/","name":"Examen Transformar R\u00e9gimen Costa 2023 - Estudia Inteligente","isPartOf":{"@id":"https:\/\/estudiainteligente.com\/site\/#website"},"primaryImageOfPage":{"@id":"https:\/\/estudiainteligente.com\/site\/producto\/examen-transformar-costa\/#primaryimage"},"image":{"@id":"https:\/\/estudiainteligente.com\/site\/producto\/examen-transformar-costa\/#primaryimage"},"thumbnailUrl":"https:\/\/estudiainteligente.com\/site\/wp-content\/uploads\/2020\/07\/Curso-TRANSFORMAR-COSTA.jpg","datePublished":"2020-07-02T16:06:07+00:00","dateModified":"2022-07-07T19:33:11+00:00","description":"Estudia de forma inteligente con nuestro Curso Examen Transformar R\u00e9gimen Costa y asegura tu ingreso a la U con los mejores puntajes.","breadcrumb":{"@id":"https:\/\/estudiainteligente.com\/site\/producto\/examen-transformar-costa\/#breadcrumb"},"inLanguage":"es","potentialAction":[{"@type":"ReadAction","target":["https:\/\/estudiainteligente.com\/site\/producto\/examen-transformar-costa\/"]}]},{"@type":"ImageObject","inLanguage":"es","@id":"https:\/\/estudiainteligente.com\/site\/producto\/examen-transformar-costa\/#primaryimage","url":"https:\/\/estudiainteligente.com\/site\/wp-content\/uploads\/2020\/07\/Curso-TRANSFORMAR-COSTA.jpg","contentUrl":"https:\/\/estudiainteligente.com\/site\/wp-content\/uploads\/2020\/07\/Curso-TRANSFORMAR-COSTA.jpg","width":1080,"height":1080,"caption":"Examen transformar regimen Costa"},{"@type":"BreadcrumbList","@id":"https:\/\/estudiainteligente.com\/site\/producto\/examen-transformar-costa\/#breadcrumb","itemListElement":[{"@type":"ListItem","position":1,"name":"Portada","item":"https:\/\/estudiainteligente.com\/site\/"},{"@type":"ListItem","position":2,"name":"Tienda","item":"https:\/\/estudiainteligente.com\/site\/tienda\/"},{"@type":"ListItem","position":3,"name":"Examen Transformar R\u00e9gimen Costa 2023"}]},{"@type":"WebSite","@id":"https:\/\/estudiainteligente.com\/site\/#website","url":"https:\/\/estudiainteligente.com\/site\/","name":"Estudia Inteligente","description":"Centro de estudios y Clases de nivelaci\u00f3n","publisher":{"@id":"https:\/\/estudiainteligente.com\/site\/#organization"},"potentialAction":[{"@type":"SearchAction","target":{"@type":"EntryPoint","urlTemplate":"https:\/\/estudiainteligente.com\/site\/?s={search_term_string}"},"query-input":{"@type":"PropertyValueSpecification","valueRequired":true,"valueName":"search_term_string"}}],"inLanguage":"es"},{"@type":"Organization","@id":"https:\/\/estudiainteligente.com\/site\/#organization","name":"Estudia Inteligente","url":"https:\/\/estudiainteligente.com\/site\/","logo":{"@type":"ImageObject","inLanguage":"es","@id":"https:\/\/estudiainteligente.com\/site\/#\/schema\/logo\/image\/","url":"https:\/\/i0.wp.com\/estudiainteligente.com\/site\/wp-content\/uploads\/2019\/02\/LogoWeb.png?fit=230%2C134&ssl=1","contentUrl":"https:\/\/i0.wp.com\/estudiainteligente.com\/site\/wp-content\/uploads\/2019\/02\/LogoWeb.png?fit=230%2C134&ssl=1","width":230,"height":134,"caption":"Estudia Inteligente"},"image":{"@id":"https:\/\/estudiainteligente.com\/site\/#\/schema\/logo\/image\/"},"sameAs":["http:\/\/www.facebook.com\/estudiainteligente","https:\/\/www.instagram.com\/estudiainteligente\/","https:\/\/www.pinterest.com\/estudiainteligente\/","https:\/\/www.youtube.com\/channel\/UCWmGCRKEufrBD1bhksU5XGw"]}]}},"post_mailing_queue_ids":[],"_links":{"self":[{"href":"https:\/\/estudiainteligente.com\/site\/wp-json\/wp\/v2\/product\/2346","targetHints":{"allow":["GET"]}}],"collection":[{"href":"https:\/\/estudiainteligente.com\/site\/wp-json\/wp\/v2\/product"}],"about":[{"href":"https:\/\/estudiainteligente.com\/site\/wp-json\/wp\/v2\/types\/product"}],"wp:featuredmedia":[{"embeddable":true,"href":"https:\/\/estudiainteligente.com\/site\/wp-json\/wp\/v2\/media\/7051"}],"wp:attachment":[{"href":"https:\/\/estudiainteligente.com\/site\/wp-json\/wp\/v2\/media?parent=2346"}],"wp:term":[{"taxonomy":"product_brand","embeddable":true,"href":"https:\/\/estudiainteligente.com\/site\/wp-json\/wp\/v2\/product_brand?post=2346"},{"taxonomy":"product_cat","embeddable":true,"href":"https:\/\/estudiainteligente.com\/site\/wp-json\/wp\/v2\/product_cat?post=2346"},{"taxonomy":"product_tag","embeddable":true,"href":"https:\/\/estudiainteligente.com\/site\/wp-json\/wp\/v2\/product_tag?post=2346"}],"curies":[{"name":"wp","href":"https:\/\/api.w.org\/{rel}","templated":true}]}}