{"id":2687,"date":"2020-09-08T20:55:26","date_gmt":"2020-09-09T01:55:26","guid":{"rendered":"http:\/\/estudiainteligente.com\/site\/?post_type=product&#038;p=2687"},"modified":"2023-03-27T10:12:25","modified_gmt":"2023-03-27T15:12:25","slug":"curso-regular-usfq","status":"publish","type":"product","link":"https:\/\/estudiainteligente.com\/site\/producto\/curso-regular-usfq\/","title":{"rendered":"Curso Regular USFQ"},"content":{"rendered":"<h3 style=\"text-align: center;\"><strong>\u00a1Prep\u00e1rate para ingresar a la universidad de tus sue\u00f1os!<\/strong><\/h3>\n<h3 style=\"text-align: left;\">Estudia de forma inteligente con nuestro curso <span style=\"font-size: 18.72px;\">REGULAR<\/span> para ingresar a la USFQ.<\/h3>\n<h3 class=\"alignleft\">Contenido<\/h3>\n<h3><\/h3>\n<p><strong>Curso Regular USFQ<\/strong><\/p>\n<div class=\"shortcode-wrapper shortcode-list clearfix\"><ul class=\"hb-ul-list\">\n<li><i class=\"icon-ok\" style=\"color:#ba007c\"><\/i><strong>Clases personalizadas<\/strong> (m\u00e1ximo 8 estudiantes por grupo).<\/li>\n<li><i class=\"icon-ok\" style=\"color:#85b037\"><\/i>Curso <strong>100% online<\/strong> con clases en tiempo real.<\/li>\n<li><i class=\"icon-ok\" style=\"color:#ce6b01\"><\/i>Clases en <strong>Razonamiento Matem\u00e1tico y Verbal<\/strong>.<\/li>\n<li><i class=\"icon-ok\" style=\"color:#7bbbe8\"><\/i><strong>Tutores especializados<\/strong> Certificados en Docencia Virtual.<\/li>\n<li><i class=\"icon-ok\" style=\"color:#db9600\"><\/i><strong>T\u00e9cnicas<\/strong> para Rendir el Examen.<\/li>\n<li><i class=\"icon-ok\" style=\"color:#70a83b\"><\/i>Acceso a nuestra plataforma <strong>Estudia Virtual<\/strong> 24\/7 hasta tu fecha de examen, incluye <strong>material digital<\/strong> de preparaci\u00f3n para el examen.<\/li>\n<li><i class=\"icon-ok\" style=\"color:#ba007c\"><\/i><strong>Simuladores completos<\/strong> del examen.<\/li>\n<li><i class=\"icon-ok\" style=\"color:#7bbbe8\"><\/i><strong>18\u00a0horas de clases<\/strong>.<\/li>\n<\/ul><\/div>\n<p>&nbsp;<\/p>\n<h3 class=\"alignleft\"><strong>\u00bfPor qu\u00e9 es necesario tomar un curso de preparaci\u00f3n para ingresar a la Universidad?<\/strong><\/h3>\n<p>En primer lugar, <b>prepararte para el ingreso a la Universidad te da la ventaja de saber a qu\u00e9 te atienes el d\u00eda del examen<\/b>. En segundo lugar, la asesor\u00eda que recibir\u00e1s te despejar\u00e1 muchas de tus dudas y te dar\u00e1 confianza. Con esto en cuenta, te traemos otras ventajas de realizar el <a href=\"https:\/\/estudiainteligente.com\/site\/curso-de-admison-examen-usfq\/\" target=\"_blank\" rel=\"noopener\">curso de preparaci\u00f3n REGULAR del examen de admisi\u00f3n a la Universidad San Francisco de Quito<\/a>:<br \/>\n<div class=\"shortcode-wrapper shortcode-list clearfix\"><ul class=\"hb-ul-list\">\n<li><i class=\"icon-ok\" style=\"color:#ce6b01\"><\/i>Primeramente, estudiar\u00e1s los temas que competen al examen.<\/li>\n<li><i class=\"icon-ok\" style=\"color:#70a83b\"><\/i>De este modo, practicar\u00e1s con ejercicios modelos del examen.<\/li>\n<li><i class=\"icon-ok\" style=\"color:#009bdb\"><\/i>Adem\u00e1s, puedes familiarizarte con el examen.<\/li>\n<li><i class=\"icon-ok\" style=\"color:#db9600\"><\/i>Adicionalmente, tus tutores te guiar\u00e1n en las t\u00e9cnicas y tips para rendir el examen.<\/li>\n<li><i class=\"icon-ok\" style=\"color:#7bbbe8\"><\/i>Asimismo, har\u00e1s simuladores de forma guiada junto a tus profesores.<\/li>\n<li><i class=\"icon-ok\" style=\"color:#ba007c\"><\/i>Finalmente, te beneficiar\u00e1s de la experiencia que tenemos en este curso para que tu preparaci\u00f3n sea completamente provechosa.<\/li>\n<\/ul><\/div>\n<h3 style=\"text-align: center;\">Nuestro Curso Regular USFQ Estudia Inteligente<\/h3>\n<p><strong>Nuestro curso REGULAR del Examen de Admisi\u00f3n de la USFQ cuenta con simuladores del examen<\/strong>. As\u00ed, nuestros simuladores est\u00e1n estructurados a la semejanza del examen real de la USFQ. En consecuencia, tienen el mismo tiempo para cada razonamiento, asimismo, la misma cantidad de preguntas y adem\u00e1s te califican bajo los mismos criterios que lo hace la Universidad. De esta manera, tus resultados ser\u00e1n los mejores. \u00a1Prep\u00e1rate de forma inteligente! Cumple tus metas e ingresa a la Universidad de tus sue\u00f1os.<\/p>\n<h3 style=\"text-align: center;\">Aliados Con USFQ Alumni<\/h3>\n<p>Estudia Inteligente trabaja continuamente con sus aliados estrat\u00e9gicos, ellos aportan a dictar clases de calidad y cada d\u00eda ofrecer un mejor servicio. En este sentido, nos hemos aliado con USFQ Alumni para brindarte los mejores beneficios. Recuerda, si eres miembro de la red <strong>USFQ Alumni tienes derecho al 15% de descuento en cualquiera de nuestros cursos y 10% de descuento para tutor\u00edas y orientaci\u00f3n vocacional.<\/strong><\/p>\n<p>Finalmente, \u00bftienes preguntas sobre nuestros simuladores o cursos?<\/p>\n<p>Escr\u00edbenos a nuestro<strong> <a href=\"https:\/\/wa.me\/message\/DSGEYLXGEBW5B1\" target=\"_blank\" rel=\"noopener\">WhatsApp 0987960020<\/a><\/strong>. \u00a1Recuerda, estamos siempre felices de ayudarte!<\/p>\n<a href=\"https:\/\/wa.me\/message\/DSGEYLXGEBW5B1\" class=\"hb-button hb-green-sea hb-large-button no-three-d\" target=\"_blank\" style=\"-webkit-border-radius: 2px;-moz-border-radius: 2px;border-radius: 2px;\"><i class=\"hb-moon-call-outgoing\"><\/i>WhatsApp 0987960020<\/a>\n","protected":false},"excerpt":{"rendered":"<h1 style=\"text-align: center;\"><strong>Curso Regular de Preparaci\u00f3n para el Examen de Admisi\u00f3n a la USFQ<\/strong><\/h1>\n<p>En nuestro <strong>Curso REGULAR de Preparaci\u00f3n del Examen de Admisi\u00f3n a la USFQ<\/strong>, recibir\u00e1s clases online en tiempo real 100% interactivas y personalizadas con los mejores tutores, en otras palabras, Estudia Inteligente es tu mejor opci\u00f3n.<\/p>\n<h4 class=\"alignleft\">Contenido Del Curso Regular Admisi\u00f3n USFQ<\/h4>\n[list type=\"icon\"]<br \/>\n[list_item icon=\"icon-ok\" color=\"#ba007c\"]<strong>18\u00a0horas<\/strong> de clases en razonamiento matem\u00e1tico y razonamiento verbal.[\/list_item]<br \/>\n[list_item icon=\"icon-ok\" color=\"#ce6b01\"]Clases 100% <strong>Personalizadas<\/strong>.[\/list_item]<br \/>\n[list_item icon=\"icon-ok\" color=\"#009bdb\"]Curso <strong>Online<\/strong>.[\/list_item]<br \/>\n[list_item icon=\"icon-ok\" color=\"#db9600\"]Acceso a <strong>material de estudio y simuladores<\/strong>.[\/list_item]<br \/>\n[list_item icon=\"icon-ok\" color=\"#85b037\"]<strong>Tutores especializados<\/strong>.[\/list_item]<br \/>\n[\/list]\n[button title=\"WhatsApp 0987960020\" link=\"https:\/\/wa.me\/message\/DSGEYLXGEBW5B1\" new_tab=\"yes\" icon=\"hb-moon-call-outgoing\" size=\"small\" color=\"green-sea\"]\n","protected":false},"featured_media":10145,"template":"","meta":[],"product_brand":[],"product_cat":[86],"product_tag":[462,458,461,453,450],"class_list":{"0":"post-2687","1":"product","2":"type-product","3":"status-publish","4":"has-post-thumbnail","6":"product_cat-cursos","7":"product_tag-admision","8":"product_tag-cursousfq","9":"product_tag-ingresousfq","10":"product_tag-admisionusfq","11":"product_tag-usfq","13":"first","14":"instock","15":"taxable","16":"shipping-taxable","17":"purchasable","18":"product-type-simple"},"yoast_head":"<!-- This site is optimized with the Yoast SEO plugin v27.2 - https:\/\/yoast.com\/product\/yoast-seo-wordpress\/ -->\n<title>Curso Regular USFQ - Estudia Inteligente<\/title>\n<meta name=\"description\" content=\"Estudia de forma inteligente con nuestro Curso Regular USFQ y asegura tu ingreso. Con nuestro curso personalizado obt\u00e9n los mejores puntajes.\" \/>\n<meta name=\"robots\" content=\"index, follow, max-snippet:-1, max-image-preview:large, max-video-preview:-1\" \/>\n<link rel=\"canonical\" href=\"https:\/\/estudiainteligente.com\/site\/producto\/curso-regular-usfq\/\" \/>\n<meta property=\"og:locale\" content=\"es_ES\" \/>\n<meta property=\"og:type\" content=\"article\" \/>\n<meta property=\"og:title\" content=\"Curso Regular USFQ - Estudia Inteligente\" \/>\n<meta property=\"og:description\" content=\"Estudia de forma inteligente con nuestro Curso Regular USFQ y asegura tu ingreso. Con nuestro curso personalizado obt\u00e9n los mejores puntajes.\" \/>\n<meta property=\"og:url\" content=\"https:\/\/estudiainteligente.com\/site\/producto\/curso-regular-usfq\/\" \/>\n<meta property=\"og:site_name\" content=\"Estudia Inteligente\" \/>\n<meta property=\"article:publisher\" content=\"http:\/\/www.facebook.com\/estudiainteligente\" \/>\n<meta property=\"article:modified_time\" content=\"2023-03-27T15:12:25+00:00\" \/>\n<meta property=\"og:image\" content=\"https:\/\/estudiainteligente.com\/site\/wp-content\/uploads\/2022\/02\/Curso-preuniversitario-usfq-virtual-2023.jpg\" \/>\n\t<meta property=\"og:image:width\" content=\"675\" \/>\n\t<meta property=\"og:image:height\" content=\"675\" \/>\n\t<meta property=\"og:image:type\" content=\"image\/jpeg\" \/>\n<meta name=\"twitter:card\" content=\"summary_large_image\" \/>\n<meta name=\"twitter:label1\" content=\"Tiempo de lectura\" \/>\n\t<meta name=\"twitter:data1\" content=\"3 minutos\" \/>\n<script type=\"application\/ld+json\" class=\"yoast-schema-graph\">{\"@context\":\"https:\/\/schema.org\",\"@graph\":[{\"@type\":\"WebPage\",\"@id\":\"https:\/\/estudiainteligente.com\/site\/producto\/curso-regular-usfq\/\",\"url\":\"https:\/\/estudiainteligente.com\/site\/producto\/curso-regular-usfq\/\",\"name\":\"Curso Regular USFQ - Estudia Inteligente\",\"isPartOf\":{\"@id\":\"https:\/\/estudiainteligente.com\/site\/#website\"},\"primaryImageOfPage\":{\"@id\":\"https:\/\/estudiainteligente.com\/site\/producto\/curso-regular-usfq\/#primaryimage\"},\"image\":{\"@id\":\"https:\/\/estudiainteligente.com\/site\/producto\/curso-regular-usfq\/#primaryimage\"},\"thumbnailUrl\":\"https:\/\/estudiainteligente.com\/site\/wp-content\/uploads\/2022\/02\/Curso-preuniversitario-usfq-virtual-2023.jpg\",\"datePublished\":\"2020-09-09T01:55:26+00:00\",\"dateModified\":\"2023-03-27T15:12:25+00:00\",\"description\":\"Estudia de forma inteligente con nuestro Curso Regular USFQ y asegura tu ingreso. Con nuestro curso personalizado obt\u00e9n los mejores puntajes.\",\"breadcrumb\":{\"@id\":\"https:\/\/estudiainteligente.com\/site\/producto\/curso-regular-usfq\/#breadcrumb\"},\"inLanguage\":\"es\",\"potentialAction\":[{\"@type\":\"ReadAction\",\"target\":[\"https:\/\/estudiainteligente.com\/site\/producto\/curso-regular-usfq\/\"]}]},{\"@type\":\"ImageObject\",\"inLanguage\":\"es\",\"@id\":\"https:\/\/estudiainteligente.com\/site\/producto\/curso-regular-usfq\/#primaryimage\",\"url\":\"https:\/\/estudiainteligente.com\/site\/wp-content\/uploads\/2022\/02\/Curso-preuniversitario-usfq-virtual-2023.jpg\",\"contentUrl\":\"https:\/\/estudiainteligente.com\/site\/wp-content\/uploads\/2022\/02\/Curso-preuniversitario-usfq-virtual-2023.jpg\",\"width\":675,\"height\":675},{\"@type\":\"BreadcrumbList\",\"@id\":\"https:\/\/estudiainteligente.com\/site\/producto\/curso-regular-usfq\/#breadcrumb\",\"itemListElement\":[{\"@type\":\"ListItem\",\"position\":1,\"name\":\"Portada\",\"item\":\"https:\/\/estudiainteligente.com\/site\/\"},{\"@type\":\"ListItem\",\"position\":2,\"name\":\"Tienda\",\"item\":\"https:\/\/estudiainteligente.com\/site\/tienda\/\"},{\"@type\":\"ListItem\",\"position\":3,\"name\":\"Curso Regular USFQ\"}]},{\"@type\":\"WebSite\",\"@id\":\"https:\/\/estudiainteligente.com\/site\/#website\",\"url\":\"https:\/\/estudiainteligente.com\/site\/\",\"name\":\"Estudia Inteligente\",\"description\":\"Centro de estudios y Clases de nivelaci\u00f3n\",\"publisher\":{\"@id\":\"https:\/\/estudiainteligente.com\/site\/#organization\"},\"potentialAction\":[{\"@type\":\"SearchAction\",\"target\":{\"@type\":\"EntryPoint\",\"urlTemplate\":\"https:\/\/estudiainteligente.com\/site\/?s={search_term_string}\"},\"query-input\":{\"@type\":\"PropertyValueSpecification\",\"valueRequired\":true,\"valueName\":\"search_term_string\"}}],\"inLanguage\":\"es\"},{\"@type\":\"Organization\",\"@id\":\"https:\/\/estudiainteligente.com\/site\/#organization\",\"name\":\"Estudia Inteligente\",\"url\":\"https:\/\/estudiainteligente.com\/site\/\",\"logo\":{\"@type\":\"ImageObject\",\"inLanguage\":\"es\",\"@id\":\"https:\/\/estudiainteligente.com\/site\/#\/schema\/logo\/image\/\",\"url\":\"https:\/\/i0.wp.com\/estudiainteligente.com\/site\/wp-content\/uploads\/2019\/02\/LogoWeb.png?fit=230%2C134&ssl=1\",\"contentUrl\":\"https:\/\/i0.wp.com\/estudiainteligente.com\/site\/wp-content\/uploads\/2019\/02\/LogoWeb.png?fit=230%2C134&ssl=1\",\"width\":230,\"height\":134,\"caption\":\"Estudia Inteligente\"},\"image\":{\"@id\":\"https:\/\/estudiainteligente.com\/site\/#\/schema\/logo\/image\/\"},\"sameAs\":[\"http:\/\/www.facebook.com\/estudiainteligente\",\"https:\/\/www.instagram.com\/estudiainteligente\/\",\"https:\/\/www.pinterest.com\/estudiainteligente\/\",\"https:\/\/www.youtube.com\/channel\/UCWmGCRKEufrBD1bhksU5XGw\"]}]}<\/script>\n<!-- \/ Yoast SEO plugin. -->","yoast_head_json":{"title":"Curso Regular USFQ - Estudia Inteligente","description":"Estudia de forma inteligente con nuestro Curso Regular USFQ y asegura tu ingreso. Con nuestro curso personalizado obt\u00e9n los mejores puntajes.","robots":{"index":"index","follow":"follow","max-snippet":"max-snippet:-1","max-image-preview":"max-image-preview:large","max-video-preview":"max-video-preview:-1"},"canonical":"https:\/\/estudiainteligente.com\/site\/producto\/curso-regular-usfq\/","og_locale":"es_ES","og_type":"article","og_title":"Curso Regular USFQ - Estudia Inteligente","og_description":"Estudia de forma inteligente con nuestro Curso Regular USFQ y asegura tu ingreso. Con nuestro curso personalizado obt\u00e9n los mejores puntajes.","og_url":"https:\/\/estudiainteligente.com\/site\/producto\/curso-regular-usfq\/","og_site_name":"Estudia Inteligente","article_publisher":"http:\/\/www.facebook.com\/estudiainteligente","article_modified_time":"2023-03-27T15:12:25+00:00","og_image":[{"width":675,"height":675,"url":"https:\/\/estudiainteligente.com\/site\/wp-content\/uploads\/2022\/02\/Curso-preuniversitario-usfq-virtual-2023.jpg","type":"image\/jpeg"}],"twitter_card":"summary_large_image","twitter_misc":{"Tiempo de lectura":"3 minutos"},"schema":{"@context":"https:\/\/schema.org","@graph":[{"@type":"WebPage","@id":"https:\/\/estudiainteligente.com\/site\/producto\/curso-regular-usfq\/","url":"https:\/\/estudiainteligente.com\/site\/producto\/curso-regular-usfq\/","name":"Curso Regular USFQ - Estudia Inteligente","isPartOf":{"@id":"https:\/\/estudiainteligente.com\/site\/#website"},"primaryImageOfPage":{"@id":"https:\/\/estudiainteligente.com\/site\/producto\/curso-regular-usfq\/#primaryimage"},"image":{"@id":"https:\/\/estudiainteligente.com\/site\/producto\/curso-regular-usfq\/#primaryimage"},"thumbnailUrl":"https:\/\/estudiainteligente.com\/site\/wp-content\/uploads\/2022\/02\/Curso-preuniversitario-usfq-virtual-2023.jpg","datePublished":"2020-09-09T01:55:26+00:00","dateModified":"2023-03-27T15:12:25+00:00","description":"Estudia de forma inteligente con nuestro Curso Regular USFQ y asegura tu ingreso. Con nuestro curso personalizado obt\u00e9n los mejores puntajes.","breadcrumb":{"@id":"https:\/\/estudiainteligente.com\/site\/producto\/curso-regular-usfq\/#breadcrumb"},"inLanguage":"es","potentialAction":[{"@type":"ReadAction","target":["https:\/\/estudiainteligente.com\/site\/producto\/curso-regular-usfq\/"]}]},{"@type":"ImageObject","inLanguage":"es","@id":"https:\/\/estudiainteligente.com\/site\/producto\/curso-regular-usfq\/#primaryimage","url":"https:\/\/estudiainteligente.com\/site\/wp-content\/uploads\/2022\/02\/Curso-preuniversitario-usfq-virtual-2023.jpg","contentUrl":"https:\/\/estudiainteligente.com\/site\/wp-content\/uploads\/2022\/02\/Curso-preuniversitario-usfq-virtual-2023.jpg","width":675,"height":675},{"@type":"BreadcrumbList","@id":"https:\/\/estudiainteligente.com\/site\/producto\/curso-regular-usfq\/#breadcrumb","itemListElement":[{"@type":"ListItem","position":1,"name":"Portada","item":"https:\/\/estudiainteligente.com\/site\/"},{"@type":"ListItem","position":2,"name":"Tienda","item":"https:\/\/estudiainteligente.com\/site\/tienda\/"},{"@type":"ListItem","position":3,"name":"Curso Regular USFQ"}]},{"@type":"WebSite","@id":"https:\/\/estudiainteligente.com\/site\/#website","url":"https:\/\/estudiainteligente.com\/site\/","name":"Estudia Inteligente","description":"Centro de estudios y Clases de nivelaci\u00f3n","publisher":{"@id":"https:\/\/estudiainteligente.com\/site\/#organization"},"potentialAction":[{"@type":"SearchAction","target":{"@type":"EntryPoint","urlTemplate":"https:\/\/estudiainteligente.com\/site\/?s={search_term_string}"},"query-input":{"@type":"PropertyValueSpecification","valueRequired":true,"valueName":"search_term_string"}}],"inLanguage":"es"},{"@type":"Organization","@id":"https:\/\/estudiainteligente.com\/site\/#organization","name":"Estudia Inteligente","url":"https:\/\/estudiainteligente.com\/site\/","logo":{"@type":"ImageObject","inLanguage":"es","@id":"https:\/\/estudiainteligente.com\/site\/#\/schema\/logo\/image\/","url":"https:\/\/i0.wp.com\/estudiainteligente.com\/site\/wp-content\/uploads\/2019\/02\/LogoWeb.png?fit=230%2C134&ssl=1","contentUrl":"https:\/\/i0.wp.com\/estudiainteligente.com\/site\/wp-content\/uploads\/2019\/02\/LogoWeb.png?fit=230%2C134&ssl=1","width":230,"height":134,"caption":"Estudia Inteligente"},"image":{"@id":"https:\/\/estudiainteligente.com\/site\/#\/schema\/logo\/image\/"},"sameAs":["http:\/\/www.facebook.com\/estudiainteligente","https:\/\/www.instagram.com\/estudiainteligente\/","https:\/\/www.pinterest.com\/estudiainteligente\/","https:\/\/www.youtube.com\/channel\/UCWmGCRKEufrBD1bhksU5XGw"]}]}},"post_mailing_queue_ids":[],"_links":{"self":[{"href":"https:\/\/estudiainteligente.com\/site\/wp-json\/wp\/v2\/product\/2687","targetHints":{"allow":["GET"]}}],"collection":[{"href":"https:\/\/estudiainteligente.com\/site\/wp-json\/wp\/v2\/product"}],"about":[{"href":"https:\/\/estudiainteligente.com\/site\/wp-json\/wp\/v2\/types\/product"}],"wp:featuredmedia":[{"embeddable":true,"href":"https:\/\/estudiainteligente.com\/site\/wp-json\/wp\/v2\/media\/10145"}],"wp:attachment":[{"href":"https:\/\/estudiainteligente.com\/site\/wp-json\/wp\/v2\/media?parent=2687"}],"wp:term":[{"taxonomy":"product_brand","embeddable":true,"href":"https:\/\/estudiainteligente.com\/site\/wp-json\/wp\/v2\/product_brand?post=2687"},{"taxonomy":"product_cat","embeddable":true,"href":"https:\/\/estudiainteligente.com\/site\/wp-json\/wp\/v2\/product_cat?post=2687"},{"taxonomy":"product_tag","embeddable":true,"href":"https:\/\/estudiainteligente.com\/site\/wp-json\/wp\/v2\/product_tag?post=2687"}],"curies":[{"name":"wp","href":"https:\/\/api.w.org\/{rel}","templated":true}]}}