{"id":3041,"date":"2020-10-21T09:03:37","date_gmt":"2020-10-21T14:03:37","guid":{"rendered":"http:\/\/estudiainteligente.com\/site\/?post_type=product&#038;p=3041"},"modified":"2024-07-10T12:06:49","modified_gmt":"2024-07-10T17:06:49","slug":"medicina-intensivo-usfq","status":"publish","type":"product","link":"https:\/\/estudiainteligente.com\/site\/producto\/medicina-intensivo-usfq\/","title":{"rendered":"Curso intensivo medicina USFQ"},"content":{"rendered":"<h3 style=\"text-align: center;\"><strong>\u00a1Prep\u00e1rate para ingresar a la carrera de tus sue\u00f1os!<\/strong><\/h3>\n<h3 style=\"text-align: left;\">Estudia de forma inteligente con nuestro curso Intensivo para ingresar a Medicina en la USFQ.<\/h3>\n<h3 class=\"alignleft\">Contenido<\/h3>\n<h3><\/h3>\n<p><strong>Curso Intensivo Medicina USFQ<\/strong><\/p>\n<div class=\"shortcode-wrapper shortcode-list clearfix\"><ul class=\"hb-ul-list\"> <li><i class=\"icon-ok\" style=\"color:#ba007c\"><\/i><strong>Clases personalizadas<\/strong> (m\u00e1ximo 8 estudiantes por grupo).<\/li> <li><i class=\"icon-ok\" style=\"color:#85b037\"><\/i>Curso <strong>100% online<\/strong> con clases en tiempo real.<\/li>\n<li><i class=\"icon-ok\" style=\"color:#ce6b01\"><\/i>Clases en <strong>Qu\u00edmica, Biolog\u00eda y Matem\u00e1ticas<\/strong>.<\/li> <li><i class=\"icon-ok\" style=\"color:#7bbbe8\"><\/i><strong>Tutores especializados<\/strong> Certificados en Docencia Virtual.<\/li>\n<li><i class=\"icon-ok\" style=\"color:#db9600\"><\/i><strong>T\u00e9cnicas<\/strong> para Rendir el Examen.<\/li> <li><i class=\"icon-ok\" style=\"color:#70a83b\"><\/i>Acceso a nuestra plataforma <strong>Estudia Virtual<\/strong> 24\/7 hasta tu fecha de examen, incluye <strong>material digital<\/strong> de preparaci\u00f3n para el examen.<\/li> <li><i class=\"icon-ok\" style=\"color:#ba007c\"><\/i><strong>Simuladores completos<\/strong> del examen.<\/li>\n<\/ul><\/div>\n<p>&nbsp;<\/p>\n<h3 class=\"alignleft\"><strong>\u00bfPor qu\u00e9 es necesario tomar un curso de preparaci\u00f3n para ingresar a la Universidad?<\/strong><\/h3>\n<p>En primer lugar, <b>prepararte para el ingreso a la Universidad te da la ventaja de saber a qu\u00e9 te atienes el d\u00eda del examen<\/b>. En segundo lugar, la asesor\u00eda que recibir\u00e1s te despejar\u00e1 muchas de tus dudas y te dar\u00e1 confianza. Recuerda que, en especial, el ingreso a la carrera de Medicina en la USFQ es muy competitivo, por esta raz\u00f3n prepararte te permitir\u00e1 asegurar tu cupo en la USFQ. Con esto en cuenta, te traemos otras ventajas de realizar el <a href=\"https:\/\/estudiainteligente.com\/site\/examen-admision-medicina-usfq\/\" target=\"_blank\" rel=\"noopener\">curso de preparaci\u00f3n Intensivo para el examen de Medicina de la Universidad San Francisco de Quito<\/a>:<br \/>\n<div class=\"shortcode-wrapper shortcode-list clearfix\"><ul class=\"hb-ul-list\"> <li><i class=\"icon-ok\" style=\"color:#ce6b01\"><\/i>Primeramente, estudiar\u00e1s con tiempo por lo que podr\u00e1s avanzar con buen ritmo en tus conocimientos y practicar lo que vas aprendiendo.<\/li><li><i class=\"icon-ok\" style=\"color:#70a83b\"><\/i>De este modo, te relacionar\u00e1s con los temas que competen al examen.<\/li>\n<li><i class=\"icon-ok\" style=\"color:#009bdb\"><\/i>Adem\u00e1s, puedes familiarizarte con el examen.<\/li>\n<li><i class=\"icon-ok\" style=\"color:#db9600\"><\/i>Adicionalmente, tus tutores te guiar\u00e1n en las t\u00e9cnicas y tips para rendir el examen.<\/li>\n<li><i class=\"icon-ok\" style=\"color:#7bbbe8\"><\/i>Asimismo, har\u00e1s simuladores de forma guiada junto a tus profesores.<\/li><li><i class=\"icon-ok\" style=\"color:#ba007c\"><\/i>Finalmente, te beneficiar\u00e1s de la experiencia que tenemos en este curso para que tu preparaci\u00f3n sea completamente provechosa.<\/li>\n<\/ul><\/div>\n<h3 style=\"text-align: center;\">Nuestro Curso Intensivo Medicina USFQ Estudia Inteligente<\/h3>\n<p><b>Nuestro curso Intensivo Medicina USFQ te prepara para que rindas el examen de Conocimientos en Ciencias. Este cuenta con simuladores del examen<\/b>. As\u00ed, nuestros simuladores est\u00e1n estructurados en base al temario de la USFQ. En consecuencia, revisamos cada punto del temario en clases y en preguntas de los simuladores para que tu preparaci\u00f3n sea completa. De esta manera, tus resultados ser\u00e1n los mejores. \u00a1Prep\u00e1rate de forma inteligente! Cumple tus metas e ingresa a la carrera de tus sue\u00f1os.<\/p>\n<h3 style=\"text-align: center;\">Curso de Preparaci\u00f3n Examen de Admisi\u00f3n USFQ<\/h3>\n<p>\u00bfSab\u00edas que los estudiantes que postulan a medicina USFQ rinden 2 ex\u00e1menes? As\u00ed es, rendir\u00e1s el examen de conocimientos basado en ciencias y el examen de admisi\u00f3n. <strong>Tenemos un curso para el examen de admisi\u00f3n de preparaci\u00f3n con clases personalizadas especialmente dise\u00f1ado para ti.<\/strong> Conoce m\u00e1s sobre nuestro <a href=\"https:\/\/estudiainteligente.com\/site\/curso-de-admison-examen-usfq\/\" target=\"_blank\" rel=\"noopener\"><b>Examen de Admisi\u00f3n USFQ aqu\u00ed.<\/b><\/a> As\u00ed, podr\u00e1s prepararte de la mejor manera para que des lo mejor de ti. De esta forma, obtendr\u00e1s los mejores puntajes y asegurar\u00e1s tu ingreso a Medicina en la USFQ.<\/p>\n<h3 style=\"text-align: center;\">Aliados Con USFQ Alumni<\/h3>\n<p>Estudia Inteligente trabaja continuamente con sus aliados estrat\u00e9gicos, ellos aportan a dictar clases de calidad y cada d\u00eda ofrecer un mejor servicio. En este sentido, nos hemos aliado con USFQ Alumni para brindarte los mejores beneficios. Recuerda, si eres miembro de la red <strong>USFQ Alumni tienes derecho al 15% de descuento en cualquiera de nuestros cursos y 10% de descuento para tutor\u00edas y orientaci\u00f3n vocacional.<\/strong><\/p>\n<p>Finalmente, \u00bftienes preguntas sobre nuestros simuladores o cursos?<\/p>\n<p>Escr\u00edbenos a nuestro<strong> <a href=\"https:\/\/wa.me\/message\/DSGEYLXGEBW5B1\" target=\"_blank\" rel=\"noopener\">WhatsApp 0987960020<\/a><\/strong>. \u00a1Recuerda, estamos siempre felices de ayudarte!<\/p>\n<a href=\"https:\/\/wa.me\/message\/DSGEYLXGEBW5B1\" class=\"hb-button hb-green-sea hb-large-button no-three-d\" target=\"_blank\" style=\"-webkit-border-radius: 2px;-moz-border-radius: 2px;border-radius: 2px;\"><i class=\"hb-moon-call-outgoing\"><\/i>WhatsApp 0987960020<\/a>\n","protected":false},"excerpt":{"rendered":"<h1 style=\"text-align: center;\"><strong>Curso Intensivo Medicina USFQ<\/strong><\/h1>\n<p>Empieza a prepararte con tiempo con nuestro <strong>Curso Intensivo Medicina USFQ.<\/strong> Recibir\u00e1s clases online en tiempo real 100% interactivas y personalizadas con los mejores tutores, en otras palabras, Estudia Inteligente es tu mejor opci\u00f3n.<\/p>\n<p>Este curso est\u00e1 dirigidos a estudiantes que <strong>est\u00e1n pr\u00f3ximos a su examen<\/strong>. Recuerda que la USFQ tiene una \u00fanica fecha para medicina en noviembre de cada a\u00f1o. Nuestra primera fecha de curso intensivo es en septiembre de cada a\u00f1o.<\/p>\n<h4 class=\"alignleft\">Contenido Del Curso Intensivo Medicina USFQ<\/h4>\n[list type=\"icon\"] [list_item icon=\"icon-ok\" color=\"#ba007c\"]<strong>Clases personalizadas<\/strong> (m\u00e1ximo 8 estudiantes por grupo).[\/list_item] [list_item icon=\"icon-ok\" color=\"#85b037\"]Curso <strong>100% online<\/strong> con clases en tiempo real.[\/list_item]<br \/>\n[list_item icon=\"icon-ok\" color=\"#ce6b01\"]Clases en <strong>Qu\u00edmica, Biolog\u00eda y Matem\u00e1ticas<\/strong>.[\/list_item] [list_item icon=\"icon-ok\" color=\"#7bbbe8\"]<strong>Tutores especializados<\/strong> Certificados en Docencia Virtual.[\/list_item]<br \/>\n[list_item icon=\"icon-ok\" color=\"#db9600\"]<strong>T\u00e9cnicas<\/strong> para Rendir el Examen.[\/list_item] [list_item icon=\"icon-ok\" color=\"#70a83b\"]Acceso a nuestra plataforma <strong>Estudia Virtual<\/strong> 24\/7 hasta tu fecha de examen, incluye <strong>material digital<\/strong> de preparaci\u00f3n para el examen.[\/list_item] [list_item icon=\"icon-ok\" color=\"#ba007c\"]<strong>Simuladores completos<\/strong> del examen.[\/list_item]<br \/>\n[\/list]\n[button title=\"WhatsApp 0987960020\" link=\"https:\/\/wa.me\/message\/DSGEYLXGEBW5B1\" new_tab=\"yes\" icon=\"hb-moon-call-outgoing\" size=\"small\" color=\"green-sea\"]\n","protected":false},"featured_media":7725,"template":"","meta":[],"product_brand":[],"product_cat":[86],"product_tag":[478,479,461,477],"class_list":{"0":"post-3041","1":"product","2":"type-product","3":"status-publish","4":"has-post-thumbnail","6":"product_cat-cursos","7":"product_tag-admisionmedicinausfq","8":"product_tag-ingresomedicinausfq","9":"product_tag-ingresousfq","10":"product_tag-medicinausfq","12":"first","13":"instock","14":"sale","15":"virtual","16":"taxable","17":"purchasable","18":"product-type-simple"},"yoast_head":"<!-- This site is optimized with the Yoast SEO plugin v27.2 - https:\/\/yoast.com\/product\/yoast-seo-wordpress\/ -->\n<title>Curso intensivo medicina USFQ - Estudia Inteligente<\/title>\n<meta name=\"description\" content=\"Curso Intensivo Medicina USFQ. Prep\u00e1rate y asegura tu ingreso a la carrera. Con nuestro curso personalizado obt\u00e9n los mejores puntajes.\" \/>\n<meta name=\"robots\" content=\"index, follow, max-snippet:-1, max-image-preview:large, max-video-preview:-1\" \/>\n<link rel=\"canonical\" href=\"https:\/\/estudiainteligente.com\/site\/producto\/medicina-intensivo-usfq\/\" \/>\n<meta property=\"og:locale\" content=\"es_ES\" \/>\n<meta property=\"og:type\" content=\"article\" \/>\n<meta property=\"og:title\" content=\"Curso intensivo medicina USFQ - Estudia Inteligente\" \/>\n<meta property=\"og:description\" content=\"Curso Intensivo Medicina USFQ. Prep\u00e1rate y asegura tu ingreso a la carrera. Con nuestro curso personalizado obt\u00e9n los mejores puntajes.\" \/>\n<meta property=\"og:url\" content=\"https:\/\/estudiainteligente.com\/site\/producto\/medicina-intensivo-usfq\/\" \/>\n<meta property=\"og:site_name\" content=\"Estudia Inteligente\" \/>\n<meta property=\"article:publisher\" content=\"http:\/\/www.facebook.com\/estudiainteligente\" \/>\n<meta property=\"article:modified_time\" content=\"2024-07-10T17:06:49+00:00\" \/>\n<meta property=\"og:image\" content=\"https:\/\/estudiainteligente.com\/site\/wp-content\/uploads\/2020\/10\/Productos-WEB-y-WA-business-1.jpg\" \/>\n\t<meta property=\"og:image:width\" content=\"1080\" \/>\n\t<meta property=\"og:image:height\" content=\"1080\" \/>\n\t<meta property=\"og:image:type\" content=\"image\/jpeg\" \/>\n<meta name=\"twitter:card\" content=\"summary_large_image\" \/>\n<meta name=\"twitter:label1\" content=\"Tiempo de lectura\" \/>\n\t<meta name=\"twitter:data1\" content=\"3 minutos\" \/>\n<script type=\"application\/ld+json\" class=\"yoast-schema-graph\">{\"@context\":\"https:\/\/schema.org\",\"@graph\":[{\"@type\":\"WebPage\",\"@id\":\"https:\/\/estudiainteligente.com\/site\/producto\/medicina-intensivo-usfq\/\",\"url\":\"https:\/\/estudiainteligente.com\/site\/producto\/medicina-intensivo-usfq\/\",\"name\":\"Curso intensivo medicina USFQ - Estudia Inteligente\",\"isPartOf\":{\"@id\":\"https:\/\/estudiainteligente.com\/site\/#website\"},\"primaryImageOfPage\":{\"@id\":\"https:\/\/estudiainteligente.com\/site\/producto\/medicina-intensivo-usfq\/#primaryimage\"},\"image\":{\"@id\":\"https:\/\/estudiainteligente.com\/site\/producto\/medicina-intensivo-usfq\/#primaryimage\"},\"thumbnailUrl\":\"https:\/\/estudiainteligente.com\/site\/wp-content\/uploads\/2020\/10\/Productos-WEB-y-WA-business-1.jpg\",\"datePublished\":\"2020-10-21T14:03:37+00:00\",\"dateModified\":\"2024-07-10T17:06:49+00:00\",\"description\":\"Curso Intensivo Medicina USFQ. Prep\u00e1rate y asegura tu ingreso a la carrera. Con nuestro curso personalizado obt\u00e9n los mejores puntajes.\",\"breadcrumb\":{\"@id\":\"https:\/\/estudiainteligente.com\/site\/producto\/medicina-intensivo-usfq\/#breadcrumb\"},\"inLanguage\":\"es\",\"potentialAction\":[{\"@type\":\"ReadAction\",\"target\":[\"https:\/\/estudiainteligente.com\/site\/producto\/medicina-intensivo-usfq\/\"]}]},{\"@type\":\"ImageObject\",\"inLanguage\":\"es\",\"@id\":\"https:\/\/estudiainteligente.com\/site\/producto\/medicina-intensivo-usfq\/#primaryimage\",\"url\":\"https:\/\/estudiainteligente.com\/site\/wp-content\/uploads\/2020\/10\/Productos-WEB-y-WA-business-1.jpg\",\"contentUrl\":\"https:\/\/estudiainteligente.com\/site\/wp-content\/uploads\/2020\/10\/Productos-WEB-y-WA-business-1.jpg\",\"width\":1080,\"height\":1080,\"caption\":\"Curso intensivo medicina USFQ\"},{\"@type\":\"BreadcrumbList\",\"@id\":\"https:\/\/estudiainteligente.com\/site\/producto\/medicina-intensivo-usfq\/#breadcrumb\",\"itemListElement\":[{\"@type\":\"ListItem\",\"position\":1,\"name\":\"Portada\",\"item\":\"https:\/\/estudiainteligente.com\/site\/\"},{\"@type\":\"ListItem\",\"position\":2,\"name\":\"Tienda\",\"item\":\"https:\/\/estudiainteligente.com\/site\/tienda\/\"},{\"@type\":\"ListItem\",\"position\":3,\"name\":\"Curso intensivo medicina USFQ\"}]},{\"@type\":\"WebSite\",\"@id\":\"https:\/\/estudiainteligente.com\/site\/#website\",\"url\":\"https:\/\/estudiainteligente.com\/site\/\",\"name\":\"Estudia Inteligente\",\"description\":\"Centro de estudios y Clases de nivelaci\u00f3n\",\"publisher\":{\"@id\":\"https:\/\/estudiainteligente.com\/site\/#organization\"},\"potentialAction\":[{\"@type\":\"SearchAction\",\"target\":{\"@type\":\"EntryPoint\",\"urlTemplate\":\"https:\/\/estudiainteligente.com\/site\/?s={search_term_string}\"},\"query-input\":{\"@type\":\"PropertyValueSpecification\",\"valueRequired\":true,\"valueName\":\"search_term_string\"}}],\"inLanguage\":\"es\"},{\"@type\":\"Organization\",\"@id\":\"https:\/\/estudiainteligente.com\/site\/#organization\",\"name\":\"Estudia Inteligente\",\"url\":\"https:\/\/estudiainteligente.com\/site\/\",\"logo\":{\"@type\":\"ImageObject\",\"inLanguage\":\"es\",\"@id\":\"https:\/\/estudiainteligente.com\/site\/#\/schema\/logo\/image\/\",\"url\":\"https:\/\/i0.wp.com\/estudiainteligente.com\/site\/wp-content\/uploads\/2019\/02\/LogoWeb.png?fit=230%2C134&ssl=1\",\"contentUrl\":\"https:\/\/i0.wp.com\/estudiainteligente.com\/site\/wp-content\/uploads\/2019\/02\/LogoWeb.png?fit=230%2C134&ssl=1\",\"width\":230,\"height\":134,\"caption\":\"Estudia Inteligente\"},\"image\":{\"@id\":\"https:\/\/estudiainteligente.com\/site\/#\/schema\/logo\/image\/\"},\"sameAs\":[\"http:\/\/www.facebook.com\/estudiainteligente\",\"https:\/\/www.instagram.com\/estudiainteligente\/\",\"https:\/\/www.pinterest.com\/estudiainteligente\/\",\"https:\/\/www.youtube.com\/channel\/UCWmGCRKEufrBD1bhksU5XGw\"]}]}<\/script>\n<!-- \/ Yoast SEO plugin. -->","yoast_head_json":{"title":"Curso intensivo medicina USFQ - Estudia Inteligente","description":"Curso Intensivo Medicina USFQ. Prep\u00e1rate y asegura tu ingreso a la carrera. Con nuestro curso personalizado obt\u00e9n los mejores puntajes.","robots":{"index":"index","follow":"follow","max-snippet":"max-snippet:-1","max-image-preview":"max-image-preview:large","max-video-preview":"max-video-preview:-1"},"canonical":"https:\/\/estudiainteligente.com\/site\/producto\/medicina-intensivo-usfq\/","og_locale":"es_ES","og_type":"article","og_title":"Curso intensivo medicina USFQ - Estudia Inteligente","og_description":"Curso Intensivo Medicina USFQ. Prep\u00e1rate y asegura tu ingreso a la carrera. Con nuestro curso personalizado obt\u00e9n los mejores puntajes.","og_url":"https:\/\/estudiainteligente.com\/site\/producto\/medicina-intensivo-usfq\/","og_site_name":"Estudia Inteligente","article_publisher":"http:\/\/www.facebook.com\/estudiainteligente","article_modified_time":"2024-07-10T17:06:49+00:00","og_image":[{"width":1080,"height":1080,"url":"https:\/\/estudiainteligente.com\/site\/wp-content\/uploads\/2020\/10\/Productos-WEB-y-WA-business-1.jpg","type":"image\/jpeg"}],"twitter_card":"summary_large_image","twitter_misc":{"Tiempo de lectura":"3 minutos"},"schema":{"@context":"https:\/\/schema.org","@graph":[{"@type":"WebPage","@id":"https:\/\/estudiainteligente.com\/site\/producto\/medicina-intensivo-usfq\/","url":"https:\/\/estudiainteligente.com\/site\/producto\/medicina-intensivo-usfq\/","name":"Curso intensivo medicina USFQ - Estudia Inteligente","isPartOf":{"@id":"https:\/\/estudiainteligente.com\/site\/#website"},"primaryImageOfPage":{"@id":"https:\/\/estudiainteligente.com\/site\/producto\/medicina-intensivo-usfq\/#primaryimage"},"image":{"@id":"https:\/\/estudiainteligente.com\/site\/producto\/medicina-intensivo-usfq\/#primaryimage"},"thumbnailUrl":"https:\/\/estudiainteligente.com\/site\/wp-content\/uploads\/2020\/10\/Productos-WEB-y-WA-business-1.jpg","datePublished":"2020-10-21T14:03:37+00:00","dateModified":"2024-07-10T17:06:49+00:00","description":"Curso Intensivo Medicina USFQ. Prep\u00e1rate y asegura tu ingreso a la carrera. Con nuestro curso personalizado obt\u00e9n los mejores puntajes.","breadcrumb":{"@id":"https:\/\/estudiainteligente.com\/site\/producto\/medicina-intensivo-usfq\/#breadcrumb"},"inLanguage":"es","potentialAction":[{"@type":"ReadAction","target":["https:\/\/estudiainteligente.com\/site\/producto\/medicina-intensivo-usfq\/"]}]},{"@type":"ImageObject","inLanguage":"es","@id":"https:\/\/estudiainteligente.com\/site\/producto\/medicina-intensivo-usfq\/#primaryimage","url":"https:\/\/estudiainteligente.com\/site\/wp-content\/uploads\/2020\/10\/Productos-WEB-y-WA-business-1.jpg","contentUrl":"https:\/\/estudiainteligente.com\/site\/wp-content\/uploads\/2020\/10\/Productos-WEB-y-WA-business-1.jpg","width":1080,"height":1080,"caption":"Curso intensivo medicina USFQ"},{"@type":"BreadcrumbList","@id":"https:\/\/estudiainteligente.com\/site\/producto\/medicina-intensivo-usfq\/#breadcrumb","itemListElement":[{"@type":"ListItem","position":1,"name":"Portada","item":"https:\/\/estudiainteligente.com\/site\/"},{"@type":"ListItem","position":2,"name":"Tienda","item":"https:\/\/estudiainteligente.com\/site\/tienda\/"},{"@type":"ListItem","position":3,"name":"Curso intensivo medicina USFQ"}]},{"@type":"WebSite","@id":"https:\/\/estudiainteligente.com\/site\/#website","url":"https:\/\/estudiainteligente.com\/site\/","name":"Estudia Inteligente","description":"Centro de estudios y Clases de nivelaci\u00f3n","publisher":{"@id":"https:\/\/estudiainteligente.com\/site\/#organization"},"potentialAction":[{"@type":"SearchAction","target":{"@type":"EntryPoint","urlTemplate":"https:\/\/estudiainteligente.com\/site\/?s={search_term_string}"},"query-input":{"@type":"PropertyValueSpecification","valueRequired":true,"valueName":"search_term_string"}}],"inLanguage":"es"},{"@type":"Organization","@id":"https:\/\/estudiainteligente.com\/site\/#organization","name":"Estudia Inteligente","url":"https:\/\/estudiainteligente.com\/site\/","logo":{"@type":"ImageObject","inLanguage":"es","@id":"https:\/\/estudiainteligente.com\/site\/#\/schema\/logo\/image\/","url":"https:\/\/i0.wp.com\/estudiainteligente.com\/site\/wp-content\/uploads\/2019\/02\/LogoWeb.png?fit=230%2C134&ssl=1","contentUrl":"https:\/\/i0.wp.com\/estudiainteligente.com\/site\/wp-content\/uploads\/2019\/02\/LogoWeb.png?fit=230%2C134&ssl=1","width":230,"height":134,"caption":"Estudia Inteligente"},"image":{"@id":"https:\/\/estudiainteligente.com\/site\/#\/schema\/logo\/image\/"},"sameAs":["http:\/\/www.facebook.com\/estudiainteligente","https:\/\/www.instagram.com\/estudiainteligente\/","https:\/\/www.pinterest.com\/estudiainteligente\/","https:\/\/www.youtube.com\/channel\/UCWmGCRKEufrBD1bhksU5XGw"]}]}},"post_mailing_queue_ids":[],"_links":{"self":[{"href":"https:\/\/estudiainteligente.com\/site\/wp-json\/wp\/v2\/product\/3041","targetHints":{"allow":["GET"]}}],"collection":[{"href":"https:\/\/estudiainteligente.com\/site\/wp-json\/wp\/v2\/product"}],"about":[{"href":"https:\/\/estudiainteligente.com\/site\/wp-json\/wp\/v2\/types\/product"}],"wp:featuredmedia":[{"embeddable":true,"href":"https:\/\/estudiainteligente.com\/site\/wp-json\/wp\/v2\/media\/7725"}],"wp:attachment":[{"href":"https:\/\/estudiainteligente.com\/site\/wp-json\/wp\/v2\/media?parent=3041"}],"wp:term":[{"taxonomy":"product_brand","embeddable":true,"href":"https:\/\/estudiainteligente.com\/site\/wp-json\/wp\/v2\/product_brand?post=3041"},{"taxonomy":"product_cat","embeddable":true,"href":"https:\/\/estudiainteligente.com\/site\/wp-json\/wp\/v2\/product_cat?post=3041"},{"taxonomy":"product_tag","embeddable":true,"href":"https:\/\/estudiainteligente.com\/site\/wp-json\/wp\/v2\/product_tag?post=3041"}],"curies":[{"name":"wp","href":"https:\/\/api.w.org\/{rel}","templated":true}]}}