{"id":4199,"date":"2021-04-27T16:48:54","date_gmt":"2021-04-27T21:48:54","guid":{"rendered":"https:\/\/estudiainteligente.com\/site\/?post_type=product&#038;p=4199"},"modified":"2025-03-13T15:40:46","modified_gmt":"2025-03-13T20:40:46","slug":"tutoria-simple","status":"publish","type":"product","link":"https:\/\/estudiainteligente.com\/site\/producto\/tutoria-simple\/","title":{"rendered":"Tutor\u00eda Simple"},"content":{"rendered":"<div class=\"row clearfix\">\n<div class=\"col-8 \">\n<p>\u00bfNecesitas ayuda para repasar temas espec\u00edficos? esta tutor\u00eda es perfecta para ti.<\/p>\n<\/div>\n<\/div>\n<div class=\"row clearfix\">\n<div class=\"col-12 \">\n<div class=\"shortcode-wrapper shortcode-list clearfix\">\n<ul class=\"hb-ul-list\">\n<li><i class=\"icon-ok\"><\/i>Acceso a Estudia Virtual<\/li>\n<li><i class=\"icon-ok\"><\/i>Clases 100% personalizadas.<\/li>\n<li><i class=\"icon-ok\"><\/i>Nos adaptamos a tu horario.<\/li>\n<li><i class=\"icon-ok\"><\/i>Tutores certificados en docencia virtual.<\/li>\n<\/ul>\n<\/div>\n<\/div>\n<\/div>\n","protected":false},"excerpt":{"rendered":"<div class=\"row clearfix\">\n<div class=\"col-8 \">\n<p>\u00bfNecesitas ayuda para repasar temas espec\u00edficos? esta tutor\u00eda es perfecta para ti.<\/p>\n<\/div>\n<\/div>\n<div class=\"row clearfix\">\n<div class=\"col-12 \">\n<div class=\"shortcode-wrapper shortcode-list clearfix\">\n<ul class=\"hb-ul-list\">\n<li><i class=\"icon-ok\"><\/i>Acceso a Estudia Virtual<\/li>\n<li><i class=\"icon-ok\"><\/i>Clases 100% personalizadas.<\/li>\n<li><i class=\"icon-ok\"><\/i>Nos adaptamos a tu horario.<\/li>\n<li><i class=\"icon-ok\"><\/i>Tutores certificados en docencia virtual.<\/li>\n<\/ul>\n<\/div>\n<\/div>\n<\/div>\n<p>&nbsp;<\/p>\n","protected":false},"featured_media":2681,"template":"","meta":[],"product_brand":[],"product_cat":[86],"product_tag":[],"class_list":{"0":"post-4199","1":"product","2":"type-product","3":"status-publish","4":"has-post-thumbnail","6":"product_cat-cursos","8":"first","9":"instock","10":"virtual","11":"taxable","12":"purchasable","13":"product-type-simple"},"yoast_head":"<!-- This site is optimized with the Yoast SEO plugin v27.2 - https:\/\/yoast.com\/product\/yoast-seo-wordpress\/ -->\n<title>Tutor\u00eda Simple - Estudia Inteligente<\/title>\n<meta name=\"description\" content=\"Hora de tutor\u00eda personalizada en cualquier asignatura. Alcanza tu exito acad\u00e9mico con Estudia Inteligente.\" \/>\n<meta name=\"robots\" content=\"index, follow, max-snippet:-1, max-image-preview:large, max-video-preview:-1\" \/>\n<link rel=\"canonical\" href=\"https:\/\/estudiainteligente.com\/site\/producto\/tutoria-simple\/\" \/>\n<meta property=\"og:locale\" content=\"es_ES\" \/>\n<meta property=\"og:type\" content=\"article\" \/>\n<meta property=\"og:title\" content=\"Tutor\u00eda Simple - Estudia Inteligente\" \/>\n<meta property=\"og:description\" content=\"Hora de tutor\u00eda personalizada en cualquier asignatura. Alcanza tu exito acad\u00e9mico con Estudia Inteligente.\" \/>\n<meta property=\"og:url\" content=\"https:\/\/estudiainteligente.com\/site\/producto\/tutoria-simple\/\" \/>\n<meta property=\"og:site_name\" content=\"Estudia Inteligente\" \/>\n<meta property=\"article:publisher\" content=\"http:\/\/www.facebook.com\/estudiainteligente\" \/>\n<meta property=\"article:modified_time\" content=\"2025-03-13T20:40:46+00:00\" \/>\n<meta property=\"og:image\" content=\"https:\/\/estudiainteligente.com\/site\/wp-content\/uploads\/2020\/09\/1.png\" \/>\n\t<meta property=\"og:image:width\" content=\"1080\" \/>\n\t<meta property=\"og:image:height\" content=\"1080\" \/>\n\t<meta property=\"og:image:type\" content=\"image\/png\" \/>\n<meta name=\"twitter:card\" content=\"summary_large_image\" \/>\n<meta name=\"twitter:label1\" content=\"Tiempo de lectura\" \/>\n\t<meta name=\"twitter:data1\" content=\"1 minuto\" \/>\n<script type=\"application\/ld+json\" class=\"yoast-schema-graph\">{\"@context\":\"https:\/\/schema.org\",\"@graph\":[{\"@type\":\"WebPage\",\"@id\":\"https:\/\/estudiainteligente.com\/site\/producto\/tutoria-simple\/\",\"url\":\"https:\/\/estudiainteligente.com\/site\/producto\/tutoria-simple\/\",\"name\":\"Tutor\u00eda Simple - Estudia Inteligente\",\"isPartOf\":{\"@id\":\"https:\/\/estudiainteligente.com\/site\/#website\"},\"primaryImageOfPage\":{\"@id\":\"https:\/\/estudiainteligente.com\/site\/producto\/tutoria-simple\/#primaryimage\"},\"image\":{\"@id\":\"https:\/\/estudiainteligente.com\/site\/producto\/tutoria-simple\/#primaryimage\"},\"thumbnailUrl\":\"https:\/\/estudiainteligente.com\/site\/wp-content\/uploads\/2020\/09\/1.png\",\"datePublished\":\"2021-04-27T21:48:54+00:00\",\"dateModified\":\"2025-03-13T20:40:46+00:00\",\"description\":\"Hora de tutor\u00eda personalizada en cualquier asignatura. Alcanza tu exito acad\u00e9mico con Estudia Inteligente.\",\"breadcrumb\":{\"@id\":\"https:\/\/estudiainteligente.com\/site\/producto\/tutoria-simple\/#breadcrumb\"},\"inLanguage\":\"es\",\"potentialAction\":[{\"@type\":\"ReadAction\",\"target\":[\"https:\/\/estudiainteligente.com\/site\/producto\/tutoria-simple\/\"]}]},{\"@type\":\"ImageObject\",\"inLanguage\":\"es\",\"@id\":\"https:\/\/estudiainteligente.com\/site\/producto\/tutoria-simple\/#primaryimage\",\"url\":\"https:\/\/estudiainteligente.com\/site\/wp-content\/uploads\/2020\/09\/1.png\",\"contentUrl\":\"https:\/\/estudiainteligente.com\/site\/wp-content\/uploads\/2020\/09\/1.png\",\"width\":1080,\"height\":1080,\"caption\":\"Clases de nivelaci\u00f3n\"},{\"@type\":\"BreadcrumbList\",\"@id\":\"https:\/\/estudiainteligente.com\/site\/producto\/tutoria-simple\/#breadcrumb\",\"itemListElement\":[{\"@type\":\"ListItem\",\"position\":1,\"name\":\"Portada\",\"item\":\"https:\/\/estudiainteligente.com\/site\/\"},{\"@type\":\"ListItem\",\"position\":2,\"name\":\"Tienda\",\"item\":\"https:\/\/estudiainteligente.com\/site\/tienda\/\"},{\"@type\":\"ListItem\",\"position\":3,\"name\":\"Tutor\u00eda Simple\"}]},{\"@type\":\"WebSite\",\"@id\":\"https:\/\/estudiainteligente.com\/site\/#website\",\"url\":\"https:\/\/estudiainteligente.com\/site\/\",\"name\":\"Estudia Inteligente\",\"description\":\"Centro de estudios y Clases de nivelaci\u00f3n\",\"publisher\":{\"@id\":\"https:\/\/estudiainteligente.com\/site\/#organization\"},\"potentialAction\":[{\"@type\":\"SearchAction\",\"target\":{\"@type\":\"EntryPoint\",\"urlTemplate\":\"https:\/\/estudiainteligente.com\/site\/?s={search_term_string}\"},\"query-input\":{\"@type\":\"PropertyValueSpecification\",\"valueRequired\":true,\"valueName\":\"search_term_string\"}}],\"inLanguage\":\"es\"},{\"@type\":\"Organization\",\"@id\":\"https:\/\/estudiainteligente.com\/site\/#organization\",\"name\":\"Estudia Inteligente\",\"url\":\"https:\/\/estudiainteligente.com\/site\/\",\"logo\":{\"@type\":\"ImageObject\",\"inLanguage\":\"es\",\"@id\":\"https:\/\/estudiainteligente.com\/site\/#\/schema\/logo\/image\/\",\"url\":\"https:\/\/i0.wp.com\/estudiainteligente.com\/site\/wp-content\/uploads\/2019\/02\/LogoWeb.png?fit=230%2C134&ssl=1\",\"contentUrl\":\"https:\/\/i0.wp.com\/estudiainteligente.com\/site\/wp-content\/uploads\/2019\/02\/LogoWeb.png?fit=230%2C134&ssl=1\",\"width\":230,\"height\":134,\"caption\":\"Estudia Inteligente\"},\"image\":{\"@id\":\"https:\/\/estudiainteligente.com\/site\/#\/schema\/logo\/image\/\"},\"sameAs\":[\"http:\/\/www.facebook.com\/estudiainteligente\",\"https:\/\/www.instagram.com\/estudiainteligente\/\",\"https:\/\/www.pinterest.com\/estudiainteligente\/\",\"https:\/\/www.youtube.com\/channel\/UCWmGCRKEufrBD1bhksU5XGw\"]}]}<\/script>\n<!-- \/ Yoast SEO plugin. -->","yoast_head_json":{"title":"Tutor\u00eda Simple - Estudia Inteligente","description":"Hora de tutor\u00eda personalizada en cualquier asignatura. Alcanza tu exito acad\u00e9mico con Estudia Inteligente.","robots":{"index":"index","follow":"follow","max-snippet":"max-snippet:-1","max-image-preview":"max-image-preview:large","max-video-preview":"max-video-preview:-1"},"canonical":"https:\/\/estudiainteligente.com\/site\/producto\/tutoria-simple\/","og_locale":"es_ES","og_type":"article","og_title":"Tutor\u00eda Simple - Estudia Inteligente","og_description":"Hora de tutor\u00eda personalizada en cualquier asignatura. Alcanza tu exito acad\u00e9mico con Estudia Inteligente.","og_url":"https:\/\/estudiainteligente.com\/site\/producto\/tutoria-simple\/","og_site_name":"Estudia Inteligente","article_publisher":"http:\/\/www.facebook.com\/estudiainteligente","article_modified_time":"2025-03-13T20:40:46+00:00","og_image":[{"width":1080,"height":1080,"url":"https:\/\/estudiainteligente.com\/site\/wp-content\/uploads\/2020\/09\/1.png","type":"image\/png"}],"twitter_card":"summary_large_image","twitter_misc":{"Tiempo de lectura":"1 minuto"},"schema":{"@context":"https:\/\/schema.org","@graph":[{"@type":"WebPage","@id":"https:\/\/estudiainteligente.com\/site\/producto\/tutoria-simple\/","url":"https:\/\/estudiainteligente.com\/site\/producto\/tutoria-simple\/","name":"Tutor\u00eda Simple - Estudia Inteligente","isPartOf":{"@id":"https:\/\/estudiainteligente.com\/site\/#website"},"primaryImageOfPage":{"@id":"https:\/\/estudiainteligente.com\/site\/producto\/tutoria-simple\/#primaryimage"},"image":{"@id":"https:\/\/estudiainteligente.com\/site\/producto\/tutoria-simple\/#primaryimage"},"thumbnailUrl":"https:\/\/estudiainteligente.com\/site\/wp-content\/uploads\/2020\/09\/1.png","datePublished":"2021-04-27T21:48:54+00:00","dateModified":"2025-03-13T20:40:46+00:00","description":"Hora de tutor\u00eda personalizada en cualquier asignatura. Alcanza tu exito acad\u00e9mico con Estudia Inteligente.","breadcrumb":{"@id":"https:\/\/estudiainteligente.com\/site\/producto\/tutoria-simple\/#breadcrumb"},"inLanguage":"es","potentialAction":[{"@type":"ReadAction","target":["https:\/\/estudiainteligente.com\/site\/producto\/tutoria-simple\/"]}]},{"@type":"ImageObject","inLanguage":"es","@id":"https:\/\/estudiainteligente.com\/site\/producto\/tutoria-simple\/#primaryimage","url":"https:\/\/estudiainteligente.com\/site\/wp-content\/uploads\/2020\/09\/1.png","contentUrl":"https:\/\/estudiainteligente.com\/site\/wp-content\/uploads\/2020\/09\/1.png","width":1080,"height":1080,"caption":"Clases de nivelaci\u00f3n"},{"@type":"BreadcrumbList","@id":"https:\/\/estudiainteligente.com\/site\/producto\/tutoria-simple\/#breadcrumb","itemListElement":[{"@type":"ListItem","position":1,"name":"Portada","item":"https:\/\/estudiainteligente.com\/site\/"},{"@type":"ListItem","position":2,"name":"Tienda","item":"https:\/\/estudiainteligente.com\/site\/tienda\/"},{"@type":"ListItem","position":3,"name":"Tutor\u00eda Simple"}]},{"@type":"WebSite","@id":"https:\/\/estudiainteligente.com\/site\/#website","url":"https:\/\/estudiainteligente.com\/site\/","name":"Estudia Inteligente","description":"Centro de estudios y Clases de nivelaci\u00f3n","publisher":{"@id":"https:\/\/estudiainteligente.com\/site\/#organization"},"potentialAction":[{"@type":"SearchAction","target":{"@type":"EntryPoint","urlTemplate":"https:\/\/estudiainteligente.com\/site\/?s={search_term_string}"},"query-input":{"@type":"PropertyValueSpecification","valueRequired":true,"valueName":"search_term_string"}}],"inLanguage":"es"},{"@type":"Organization","@id":"https:\/\/estudiainteligente.com\/site\/#organization","name":"Estudia Inteligente","url":"https:\/\/estudiainteligente.com\/site\/","logo":{"@type":"ImageObject","inLanguage":"es","@id":"https:\/\/estudiainteligente.com\/site\/#\/schema\/logo\/image\/","url":"https:\/\/i0.wp.com\/estudiainteligente.com\/site\/wp-content\/uploads\/2019\/02\/LogoWeb.png?fit=230%2C134&ssl=1","contentUrl":"https:\/\/i0.wp.com\/estudiainteligente.com\/site\/wp-content\/uploads\/2019\/02\/LogoWeb.png?fit=230%2C134&ssl=1","width":230,"height":134,"caption":"Estudia Inteligente"},"image":{"@id":"https:\/\/estudiainteligente.com\/site\/#\/schema\/logo\/image\/"},"sameAs":["http:\/\/www.facebook.com\/estudiainteligente","https:\/\/www.instagram.com\/estudiainteligente\/","https:\/\/www.pinterest.com\/estudiainteligente\/","https:\/\/www.youtube.com\/channel\/UCWmGCRKEufrBD1bhksU5XGw"]}]}},"post_mailing_queue_ids":[],"_links":{"self":[{"href":"https:\/\/estudiainteligente.com\/site\/wp-json\/wp\/v2\/product\/4199","targetHints":{"allow":["GET"]}}],"collection":[{"href":"https:\/\/estudiainteligente.com\/site\/wp-json\/wp\/v2\/product"}],"about":[{"href":"https:\/\/estudiainteligente.com\/site\/wp-json\/wp\/v2\/types\/product"}],"wp:featuredmedia":[{"embeddable":true,"href":"https:\/\/estudiainteligente.com\/site\/wp-json\/wp\/v2\/media\/2681"}],"wp:attachment":[{"href":"https:\/\/estudiainteligente.com\/site\/wp-json\/wp\/v2\/media?parent=4199"}],"wp:term":[{"taxonomy":"product_brand","embeddable":true,"href":"https:\/\/estudiainteligente.com\/site\/wp-json\/wp\/v2\/product_brand?post=4199"},{"taxonomy":"product_cat","embeddable":true,"href":"https:\/\/estudiainteligente.com\/site\/wp-json\/wp\/v2\/product_cat?post=4199"},{"taxonomy":"product_tag","embeddable":true,"href":"https:\/\/estudiainteligente.com\/site\/wp-json\/wp\/v2\/product_tag?post=4199"}],"curies":[{"name":"wp","href":"https:\/\/api.w.org\/{rel}","templated":true}]}}