{"id":6562,"date":"2022-01-10T16:46:13","date_gmt":"2022-01-10T21:46:13","guid":{"rendered":"https:\/\/estudiainteligente.com\/site\/?post_type=product&#038;p=6562"},"modified":"2026-01-09T10:30:58","modified_gmt":"2026-01-09T15:30:58","slug":"orientacion-vocacional","status":"publish","type":"product","link":"https:\/\/estudiainteligente.com\/site\/producto\/orientacion-vocacional\/","title":{"rendered":"Programa de Orientaci\u00f3n Vocacional"},"content":{"rendered":"<p>Orientaci\u00f3n Vocacional Estudia Inteligente<\/p>\n<p>\u00bfNo est\u00e1s seguro o segura qu\u00e9 carrera te conviene m\u00e1s? \u00bfTienes demasiadas o ninguna opci\u00f3n de carrera? No te preocupes, nuestro programa de Orientaci\u00f3n Vocacional te ayudar\u00e1 a dise\u00f1ar tu plan extraordinario de vida. Este se basa en 3 simples pasos:<\/p>\n<div class=\"shortcode-wrapper shortcode-list clearfix\"><ul class=\"hb-ul-list\">\n<li><i class=\"icon-ok\" style=\"color:#ce6b01\"><\/i>Descubre tu personalidad.<\/li>\n<li><i class=\"icon-ok\" style=\"color:#009bdb\"><\/i>Dise\u00f1a tu plan de vida.<\/li>\n<li><i class=\"icon-ok\" style=\"color:#db9600\"><\/i>Escoge tu carrera.<\/li>\n<\/ul><\/div>\n<p>Conoce m\u00e1s sobre nuestro <strong>programa de Orientaci\u00f3n Vocacional <a href=\"https:\/\/estudiainteligente.com\/site\/orientacion-vocacional\/\">aqu\u00ed<\/a>.<\/strong><\/p>\n<p>Orientaci\u00f3n Vocacional Estudia Inteligente<\/p>\n<p>Estudia Inteligente cuenta con los mejores profesionales certificados los cuales te ayudar\u00e1n a descubrir tus talentos.<br \/>\nUsaremos la metodolog\u00eda de John Holland, basada en que la selecci\u00f3n de Carrera es una expresi\u00f3n de nuestra personalidad.<br \/>\nEl programa de Orientaci\u00f3n Vocacional te permite conocerte mejor. Trabajar\u00e1s sobre distintos ejercicios e ir\u00e1s respondiendo preguntas para descubrir cu\u00e1les son tus habilidades, intereses y valores.<br \/>\nMientras te vas descubriendo, vas dise\u00f1ado tu vida para hacerla extraordinaria, por consiguiente, sabr\u00e1s cu\u00e1l es tu vocaci\u00f3n.<br \/>\nDescubrir\u00e1s cu\u00e1les son tus deseos para el futuro, por lo tanto, enfocar\u00e1s tu pensamiento sobre la carrera que deseas estudiar.<br \/>\nConocer\u00e1s que existen diferentes carreras que se adaptan a tu personalidad. Finalmente, elegir\u00e1s la mejor para ti.<\/p>\n<p>Incluye:<br \/>\n\u2705 2 sesiones de orientaci\u00f3n vocacional \ud83d\udc77\ud83c\udffe\u200d\u2642\ufe0f\ud83d\udc69\ud83c\udffb\u200d\ud83c\udfa8\ud83d\udc68\ud83c\udffc\u200d\ud83c\udfed\ud83d\udc69\ud83c\udffb\u200d\u2695\ufe0f<br \/>\n\u2705 sesi\u00f3n 100% personalizada\ud83d\ude4b\ud83c\udffd\u200d\u2640\ufe0f\ud83d\ude4b\ud83c\udffb\u200d\u2642\ufe0f<br \/>\n\u2705sesi\u00f3n uno a uno estudiante-psic\u00f3logo vocacional \ud83d\udc69\ud83c\udffc\u200d\ud83c\udfeb\ud83d\udcdd<br \/>\n\u2705profesional experto en el \u00e1rea vocacional\ud83d\udc69\ud83c\udffd\u200d\ud83c\udf93\ud83d\udc68\ud83c\udffb\u200d\ud83c\udf93<br \/>\n\u2705sesi\u00f3n online\ud83d\udc69\ud83c\udffc\u200d\ud83d\udcbb\ud83d\udc68\ud83c\udffd\u200d\ud83d\udcbb<\/p>\n<p>\u00bfTienes dudas o preguntas?<\/p>\n<p>Escr\u00edbenos a nuestro <a href=\"https:\/\/wa.me\/message\/DSGEYLXGEBW5B1\" target=\"_blank\" rel=\"noopener\">WhatsApp 0987960020<\/a><\/p>\n<a href=\"https:\/\/wa.me\/message\/DSGEYLXGEBW5B1\" class=\"hb-button hb-green-sea hb-large-button no-three-d\" target=\"_blank\" style=\"-webkit-border-radius: 2px;-moz-border-radius: 2px;border-radius: 2px;\"><i class=\"hb-moon-call-outgoing\"><\/i>WhatsApp 0987960020<\/a>\n","protected":false},"excerpt":{"rendered":"<h3 style=\"text-align: center;\">\u00a1Esc\u00f3ge la carrera de tus sue\u00f1os!<\/h3>\n<p>\u00a1Piensa de forma Inteligente! Inscr\u00edbete en nuestro programa de Orientaci\u00f3n Vocacional.<\/p>\n<p>Orientaci\u00f3n Vocacional Estudia Inteligente<\/p>\n<p>Estudia Inteligente cuenta con los mejores profesionales certificados los cuales te ayudar\u00e1n a descubrir tus talentos.<br \/>\nUsaremos la metodolog\u00eda de John Holland, basada en que la selecci\u00f3n de Carrera es una expresi\u00f3n de nuestra personalidad.<br \/>\nEl programa de Orientaci\u00f3n Vocacional te permite conocerte mejor. Trabajar\u00e1s sobre distintos ejercicios e ir\u00e1s respondiendo preguntas para descubrir cu\u00e1les son tus habilidades, intereses y valores.<br \/>\nMientras te vas descubriendo, vas dise\u00f1ado tu vida para hacerla extraordinaria, por consiguiente, sabr\u00e1s cu\u00e1l es tu vocaci\u00f3n.<br \/>\nDescubrir\u00e1s cu\u00e1les son tus deseos para el futuro, por lo tanto, enfocar\u00e1s tu pensamiento sobre la carrera que deseas estudiar.<br \/>\nConocer\u00e1s que existen diferentes carreras que se adaptan a tu personalidad. Finalmente, elegir\u00e1s la mejor para ti.<\/p>\n<p>Incluye:<br \/>\n\u2705 2 sesiones de orientaci\u00f3n vocacional \ud83d\udc77\ud83c\udffe\u200d\u2642\ufe0f\ud83d\udc69\ud83c\udffb\u200d\ud83c\udfa8\ud83d\udc68\ud83c\udffc\u200d\ud83c\udfed\ud83d\udc69\ud83c\udffb\u200d\u2695\ufe0f<br \/>\n\u2705 sesi\u00f3n 100% personalizada\ud83d\ude4b\ud83c\udffd\u200d\u2640\ufe0f\ud83d\ude4b\ud83c\udffb\u200d\u2642\ufe0f<br \/>\n\u2705sesi\u00f3n uno a uno estudiante-psic\u00f3logo vocacional \ud83d\udc69\ud83c\udffc\u200d\ud83c\udfeb\ud83d\udcdd<br \/>\n\u2705profesional experto en el \u00e1rea vocacional\ud83d\udc69\ud83c\udffd\u200d\ud83c\udf93\ud83d\udc68\ud83c\udffb\u200d\ud83c\udf93<br \/>\n\u2705sesi\u00f3n online\ud83d\udc69\ud83c\udffc\u200d\ud83d\udcbb\ud83d\udc68\ud83c\udffd\u200d\ud83d\udcbb<\/p>\n<p>&nbsp;<\/p>\n[button title=\"WhatsApp 0987960020\" link=\"https:\/\/wa.me\/message\/DSGEYLXGEBW5B1\" new_tab=\"yes\" icon=\"hb-moon-call-outgoing\" size=\"small\" color=\"green-sea\"]\n<p style=\"text-align: center;\">\n","protected":false},"featured_media":6563,"template":"","meta":[],"product_brand":[],"product_cat":[86],"product_tag":[433],"class_list":{"0":"post-6562","1":"product","2":"type-product","3":"status-publish","4":"has-post-thumbnail","6":"product_cat-cursos","7":"product_tag-orientacionvocacional","9":"first","10":"instock","11":"virtual","12":"purchasable","13":"product-type-simple"},"yoast_head":"<!-- This site is optimized with the Yoast SEO plugin v27.2 - https:\/\/yoast.com\/product\/yoast-seo-wordpress\/ -->\n<title>Programa de Orientaci\u00f3n Vocacional - Estudia Inteligente<\/title>\n<meta name=\"robots\" content=\"index, follow, max-snippet:-1, max-image-preview:large, max-video-preview:-1\" \/>\n<link rel=\"canonical\" href=\"https:\/\/estudiainteligente.com\/site\/producto\/orientacion-vocacional\/\" \/>\n<meta property=\"og:locale\" content=\"es_ES\" \/>\n<meta property=\"og:type\" content=\"article\" \/>\n<meta property=\"og:title\" content=\"Programa de Orientaci\u00f3n Vocacional - Estudia Inteligente\" \/>\n<meta property=\"og:description\" content=\"\u00a1Esc\u00f3ge la carrera de tus sue\u00f1os! \u00a1Piensa de forma Inteligente! Inscr\u00edbete en nuestro programa de Orientaci\u00f3n Vocacional.  Orientaci\u00f3n Vocacional Estudia Inteligente  Estudia Inteligente cuenta con los mejores profesionales certificados los cuales te ayudar\u00e1n a descubrir tus talentos. Usaremos la metodolog\u00eda de John Holland, basada en que la selecci\u00f3n de Carrera es una expresi\u00f3n de nuestra personalidad. El programa de Orientaci\u00f3n Vocacional te permite conocerte mejor. Trabajar\u00e1s sobre distintos ejercicios e ir\u00e1s respondiendo preguntas para descubrir cu\u00e1les son tus habilidades, intereses y valores. Mientras te vas descubriendo, vas dise\u00f1ado tu vida para hacerla extraordinaria, por consiguiente, sabr\u00e1s cu\u00e1l es tu vocaci\u00f3n. Descubrir\u00e1s cu\u00e1les son tus deseos para el futuro, por lo tanto, enfocar\u00e1s tu pensamiento sobre la carrera que deseas estudiar. Conocer\u00e1s que existen diferentes carreras que se adaptan a tu personalidad. Finalmente, elegir\u00e1s la mejor para ti.  Incluye: \u2705 2 sesiones de orientaci\u00f3n vocacional \ud83d\udc77\ud83c\udffe\u200d\u2642\ufe0f\ud83d\udc69\ud83c\udffb\u200d\ud83c\udfa8\ud83d\udc68\ud83c\udffc\u200d\ud83c\udfed\ud83d\udc69\ud83c\udffb\u200d\u2695\ufe0f \u2705 sesi\u00f3n 100% personalizada\ud83d\ude4b\ud83c\udffd\u200d\u2640\ufe0f\ud83d\ude4b\ud83c\udffb\u200d\u2642\ufe0f \u2705sesi\u00f3n uno a uno estudiante-psic\u00f3logo vocacional \ud83d\udc69\ud83c\udffc\u200d\ud83c\udfeb\ud83d\udcdd \u2705profesional experto en el \u00e1rea vocacional\ud83d\udc69\ud83c\udffd\u200d\ud83c\udf93\ud83d\udc68\ud83c\udffb\u200d\ud83c\udf93 \u2705sesi\u00f3n online\ud83d\udc69\ud83c\udffc\u200d\ud83d\udcbb\ud83d\udc68\ud83c\udffd\u200d\ud83d\udcbb  &nbsp;\" \/>\n<meta property=\"og:url\" content=\"https:\/\/estudiainteligente.com\/site\/producto\/orientacion-vocacional\/\" \/>\n<meta property=\"og:site_name\" content=\"Estudia Inteligente\" \/>\n<meta property=\"article:publisher\" content=\"http:\/\/www.facebook.com\/estudiainteligente\" \/>\n<meta property=\"article:modified_time\" content=\"2026-01-09T15:30:58+00:00\" \/>\n<meta property=\"og:image\" content=\"https:\/\/estudiainteligente.com\/site\/wp-content\/uploads\/2022\/01\/Programa-de-Orientacion-Vocacional.jpg\" \/>\n\t<meta property=\"og:image:width\" content=\"512\" \/>\n\t<meta property=\"og:image:height\" content=\"512\" \/>\n\t<meta property=\"og:image:type\" content=\"image\/jpeg\" \/>\n<meta name=\"twitter:card\" content=\"summary_large_image\" \/>\n<meta name=\"twitter:label1\" content=\"Tiempo de lectura\" \/>\n\t<meta name=\"twitter:data1\" content=\"2 minutos\" \/>\n<script type=\"application\/ld+json\" class=\"yoast-schema-graph\">{\"@context\":\"https:\/\/schema.org\",\"@graph\":[{\"@type\":\"WebPage\",\"@id\":\"https:\/\/estudiainteligente.com\/site\/producto\/orientacion-vocacional\/\",\"url\":\"https:\/\/estudiainteligente.com\/site\/producto\/orientacion-vocacional\/\",\"name\":\"Programa de Orientaci\u00f3n Vocacional - Estudia Inteligente\",\"isPartOf\":{\"@id\":\"https:\/\/estudiainteligente.com\/site\/#website\"},\"primaryImageOfPage\":{\"@id\":\"https:\/\/estudiainteligente.com\/site\/producto\/orientacion-vocacional\/#primaryimage\"},\"image\":{\"@id\":\"https:\/\/estudiainteligente.com\/site\/producto\/orientacion-vocacional\/#primaryimage\"},\"thumbnailUrl\":\"https:\/\/estudiainteligente.com\/site\/wp-content\/uploads\/2022\/01\/Programa-de-Orientacion-Vocacional.jpg\",\"datePublished\":\"2022-01-10T21:46:13+00:00\",\"dateModified\":\"2026-01-09T15:30:58+00:00\",\"breadcrumb\":{\"@id\":\"https:\/\/estudiainteligente.com\/site\/producto\/orientacion-vocacional\/#breadcrumb\"},\"inLanguage\":\"es\",\"potentialAction\":[{\"@type\":\"ReadAction\",\"target\":[\"https:\/\/estudiainteligente.com\/site\/producto\/orientacion-vocacional\/\"]}]},{\"@type\":\"ImageObject\",\"inLanguage\":\"es\",\"@id\":\"https:\/\/estudiainteligente.com\/site\/producto\/orientacion-vocacional\/#primaryimage\",\"url\":\"https:\/\/estudiainteligente.com\/site\/wp-content\/uploads\/2022\/01\/Programa-de-Orientacion-Vocacional.jpg\",\"contentUrl\":\"https:\/\/estudiainteligente.com\/site\/wp-content\/uploads\/2022\/01\/Programa-de-Orientacion-Vocacional.jpg\",\"width\":512,\"height\":512,\"caption\":\"Orientaci\u00f3n Vocacional Estudia Inteligente\"},{\"@type\":\"BreadcrumbList\",\"@id\":\"https:\/\/estudiainteligente.com\/site\/producto\/orientacion-vocacional\/#breadcrumb\",\"itemListElement\":[{\"@type\":\"ListItem\",\"position\":1,\"name\":\"Portada\",\"item\":\"https:\/\/estudiainteligente.com\/site\/\"},{\"@type\":\"ListItem\",\"position\":2,\"name\":\"Tienda\",\"item\":\"https:\/\/estudiainteligente.com\/site\/tienda\/\"},{\"@type\":\"ListItem\",\"position\":3,\"name\":\"Programa de Orientaci\u00f3n Vocacional\"}]},{\"@type\":\"WebSite\",\"@id\":\"https:\/\/estudiainteligente.com\/site\/#website\",\"url\":\"https:\/\/estudiainteligente.com\/site\/\",\"name\":\"Estudia Inteligente\",\"description\":\"Centro de estudios y Clases de nivelaci\u00f3n\",\"publisher\":{\"@id\":\"https:\/\/estudiainteligente.com\/site\/#organization\"},\"potentialAction\":[{\"@type\":\"SearchAction\",\"target\":{\"@type\":\"EntryPoint\",\"urlTemplate\":\"https:\/\/estudiainteligente.com\/site\/?s={search_term_string}\"},\"query-input\":{\"@type\":\"PropertyValueSpecification\",\"valueRequired\":true,\"valueName\":\"search_term_string\"}}],\"inLanguage\":\"es\"},{\"@type\":\"Organization\",\"@id\":\"https:\/\/estudiainteligente.com\/site\/#organization\",\"name\":\"Estudia Inteligente\",\"url\":\"https:\/\/estudiainteligente.com\/site\/\",\"logo\":{\"@type\":\"ImageObject\",\"inLanguage\":\"es\",\"@id\":\"https:\/\/estudiainteligente.com\/site\/#\/schema\/logo\/image\/\",\"url\":\"https:\/\/i0.wp.com\/estudiainteligente.com\/site\/wp-content\/uploads\/2019\/02\/LogoWeb.png?fit=230%2C134&ssl=1\",\"contentUrl\":\"https:\/\/i0.wp.com\/estudiainteligente.com\/site\/wp-content\/uploads\/2019\/02\/LogoWeb.png?fit=230%2C134&ssl=1\",\"width\":230,\"height\":134,\"caption\":\"Estudia Inteligente\"},\"image\":{\"@id\":\"https:\/\/estudiainteligente.com\/site\/#\/schema\/logo\/image\/\"},\"sameAs\":[\"http:\/\/www.facebook.com\/estudiainteligente\",\"https:\/\/www.instagram.com\/estudiainteligente\/\",\"https:\/\/www.pinterest.com\/estudiainteligente\/\",\"https:\/\/www.youtube.com\/channel\/UCWmGCRKEufrBD1bhksU5XGw\"]}]}<\/script>\n<!-- \/ Yoast SEO plugin. -->","yoast_head_json":{"title":"Programa de Orientaci\u00f3n Vocacional - Estudia Inteligente","robots":{"index":"index","follow":"follow","max-snippet":"max-snippet:-1","max-image-preview":"max-image-preview:large","max-video-preview":"max-video-preview:-1"},"canonical":"https:\/\/estudiainteligente.com\/site\/producto\/orientacion-vocacional\/","og_locale":"es_ES","og_type":"article","og_title":"Programa de Orientaci\u00f3n Vocacional - Estudia Inteligente","og_description":"\u00a1Esc\u00f3ge la carrera de tus sue\u00f1os! \u00a1Piensa de forma Inteligente! Inscr\u00edbete en nuestro programa de Orientaci\u00f3n Vocacional.  Orientaci\u00f3n Vocacional Estudia Inteligente  Estudia Inteligente cuenta con los mejores profesionales certificados los cuales te ayudar\u00e1n a descubrir tus talentos. Usaremos la metodolog\u00eda de John Holland, basada en que la selecci\u00f3n de Carrera es una expresi\u00f3n de nuestra personalidad. El programa de Orientaci\u00f3n Vocacional te permite conocerte mejor. Trabajar\u00e1s sobre distintos ejercicios e ir\u00e1s respondiendo preguntas para descubrir cu\u00e1les son tus habilidades, intereses y valores. Mientras te vas descubriendo, vas dise\u00f1ado tu vida para hacerla extraordinaria, por consiguiente, sabr\u00e1s cu\u00e1l es tu vocaci\u00f3n. Descubrir\u00e1s cu\u00e1les son tus deseos para el futuro, por lo tanto, enfocar\u00e1s tu pensamiento sobre la carrera que deseas estudiar. Conocer\u00e1s que existen diferentes carreras que se adaptan a tu personalidad. Finalmente, elegir\u00e1s la mejor para ti.  Incluye: \u2705 2 sesiones de orientaci\u00f3n vocacional \ud83d\udc77\ud83c\udffe\u200d\u2642\ufe0f\ud83d\udc69\ud83c\udffb\u200d\ud83c\udfa8\ud83d\udc68\ud83c\udffc\u200d\ud83c\udfed\ud83d\udc69\ud83c\udffb\u200d\u2695\ufe0f \u2705 sesi\u00f3n 100% personalizada\ud83d\ude4b\ud83c\udffd\u200d\u2640\ufe0f\ud83d\ude4b\ud83c\udffb\u200d\u2642\ufe0f \u2705sesi\u00f3n uno a uno estudiante-psic\u00f3logo vocacional \ud83d\udc69\ud83c\udffc\u200d\ud83c\udfeb\ud83d\udcdd \u2705profesional experto en el \u00e1rea vocacional\ud83d\udc69\ud83c\udffd\u200d\ud83c\udf93\ud83d\udc68\ud83c\udffb\u200d\ud83c\udf93 \u2705sesi\u00f3n online\ud83d\udc69\ud83c\udffc\u200d\ud83d\udcbb\ud83d\udc68\ud83c\udffd\u200d\ud83d\udcbb  &nbsp;","og_url":"https:\/\/estudiainteligente.com\/site\/producto\/orientacion-vocacional\/","og_site_name":"Estudia Inteligente","article_publisher":"http:\/\/www.facebook.com\/estudiainteligente","article_modified_time":"2026-01-09T15:30:58+00:00","og_image":[{"width":512,"height":512,"url":"https:\/\/estudiainteligente.com\/site\/wp-content\/uploads\/2022\/01\/Programa-de-Orientacion-Vocacional.jpg","type":"image\/jpeg"}],"twitter_card":"summary_large_image","twitter_misc":{"Tiempo de lectura":"2 minutos"},"schema":{"@context":"https:\/\/schema.org","@graph":[{"@type":"WebPage","@id":"https:\/\/estudiainteligente.com\/site\/producto\/orientacion-vocacional\/","url":"https:\/\/estudiainteligente.com\/site\/producto\/orientacion-vocacional\/","name":"Programa de Orientaci\u00f3n Vocacional - Estudia Inteligente","isPartOf":{"@id":"https:\/\/estudiainteligente.com\/site\/#website"},"primaryImageOfPage":{"@id":"https:\/\/estudiainteligente.com\/site\/producto\/orientacion-vocacional\/#primaryimage"},"image":{"@id":"https:\/\/estudiainteligente.com\/site\/producto\/orientacion-vocacional\/#primaryimage"},"thumbnailUrl":"https:\/\/estudiainteligente.com\/site\/wp-content\/uploads\/2022\/01\/Programa-de-Orientacion-Vocacional.jpg","datePublished":"2022-01-10T21:46:13+00:00","dateModified":"2026-01-09T15:30:58+00:00","breadcrumb":{"@id":"https:\/\/estudiainteligente.com\/site\/producto\/orientacion-vocacional\/#breadcrumb"},"inLanguage":"es","potentialAction":[{"@type":"ReadAction","target":["https:\/\/estudiainteligente.com\/site\/producto\/orientacion-vocacional\/"]}]},{"@type":"ImageObject","inLanguage":"es","@id":"https:\/\/estudiainteligente.com\/site\/producto\/orientacion-vocacional\/#primaryimage","url":"https:\/\/estudiainteligente.com\/site\/wp-content\/uploads\/2022\/01\/Programa-de-Orientacion-Vocacional.jpg","contentUrl":"https:\/\/estudiainteligente.com\/site\/wp-content\/uploads\/2022\/01\/Programa-de-Orientacion-Vocacional.jpg","width":512,"height":512,"caption":"Orientaci\u00f3n Vocacional Estudia Inteligente"},{"@type":"BreadcrumbList","@id":"https:\/\/estudiainteligente.com\/site\/producto\/orientacion-vocacional\/#breadcrumb","itemListElement":[{"@type":"ListItem","position":1,"name":"Portada","item":"https:\/\/estudiainteligente.com\/site\/"},{"@type":"ListItem","position":2,"name":"Tienda","item":"https:\/\/estudiainteligente.com\/site\/tienda\/"},{"@type":"ListItem","position":3,"name":"Programa de Orientaci\u00f3n Vocacional"}]},{"@type":"WebSite","@id":"https:\/\/estudiainteligente.com\/site\/#website","url":"https:\/\/estudiainteligente.com\/site\/","name":"Estudia Inteligente","description":"Centro de estudios y Clases de nivelaci\u00f3n","publisher":{"@id":"https:\/\/estudiainteligente.com\/site\/#organization"},"potentialAction":[{"@type":"SearchAction","target":{"@type":"EntryPoint","urlTemplate":"https:\/\/estudiainteligente.com\/site\/?s={search_term_string}"},"query-input":{"@type":"PropertyValueSpecification","valueRequired":true,"valueName":"search_term_string"}}],"inLanguage":"es"},{"@type":"Organization","@id":"https:\/\/estudiainteligente.com\/site\/#organization","name":"Estudia Inteligente","url":"https:\/\/estudiainteligente.com\/site\/","logo":{"@type":"ImageObject","inLanguage":"es","@id":"https:\/\/estudiainteligente.com\/site\/#\/schema\/logo\/image\/","url":"https:\/\/i0.wp.com\/estudiainteligente.com\/site\/wp-content\/uploads\/2019\/02\/LogoWeb.png?fit=230%2C134&ssl=1","contentUrl":"https:\/\/i0.wp.com\/estudiainteligente.com\/site\/wp-content\/uploads\/2019\/02\/LogoWeb.png?fit=230%2C134&ssl=1","width":230,"height":134,"caption":"Estudia Inteligente"},"image":{"@id":"https:\/\/estudiainteligente.com\/site\/#\/schema\/logo\/image\/"},"sameAs":["http:\/\/www.facebook.com\/estudiainteligente","https:\/\/www.instagram.com\/estudiainteligente\/","https:\/\/www.pinterest.com\/estudiainteligente\/","https:\/\/www.youtube.com\/channel\/UCWmGCRKEufrBD1bhksU5XGw"]}]}},"post_mailing_queue_ids":[],"_links":{"self":[{"href":"https:\/\/estudiainteligente.com\/site\/wp-json\/wp\/v2\/product\/6562","targetHints":{"allow":["GET"]}}],"collection":[{"href":"https:\/\/estudiainteligente.com\/site\/wp-json\/wp\/v2\/product"}],"about":[{"href":"https:\/\/estudiainteligente.com\/site\/wp-json\/wp\/v2\/types\/product"}],"wp:featuredmedia":[{"embeddable":true,"href":"https:\/\/estudiainteligente.com\/site\/wp-json\/wp\/v2\/media\/6563"}],"wp:attachment":[{"href":"https:\/\/estudiainteligente.com\/site\/wp-json\/wp\/v2\/media?parent=6562"}],"wp:term":[{"taxonomy":"product_brand","embeddable":true,"href":"https:\/\/estudiainteligente.com\/site\/wp-json\/wp\/v2\/product_brand?post=6562"},{"taxonomy":"product_cat","embeddable":true,"href":"https:\/\/estudiainteligente.com\/site\/wp-json\/wp\/v2\/product_cat?post=6562"},{"taxonomy":"product_tag","embeddable":true,"href":"https:\/\/estudiainteligente.com\/site\/wp-json\/wp\/v2\/product_tag?post=6562"}],"curies":[{"name":"wp","href":"https:\/\/api.w.org\/{rel}","templated":true}]}}