{"id":8091,"date":"2022-06-02T15:04:24","date_gmt":"2022-06-02T20:04:24","guid":{"rendered":"https:\/\/estudiainteligente.com\/site\/?post_type=product&#038;p=8091"},"modified":"2025-03-13T15:37:14","modified_gmt":"2025-03-13T20:37:14","slug":"curso-college-board-paa-2","status":"publish","type":"product","link":"https:\/\/estudiainteligente.com\/site\/producto\/curso-college-board-paa-2\/","title":{"rendered":"Curso College Board PAA"},"content":{"rendered":"<h3 style=\"text-align: center; font-size: 24px;\"><strong>Curso mensual College Board PAA, prep\u00e1rate e ingresa a la universidad!<\/strong><\/h3>\n<h3 style=\"text-align: left; font-size: 24px;\"><strong>\u00bfQu\u00e9 aprender\u00e1s?<\/strong><\/h3>\n<p>Los componentes del Curso mensual College Board:<\/p>\n<div class=\"hb-process-steps clearfix steps-4 \"><ul class=\"hb-process\">\n<li><div class=\"feature-box aligncenter\"><i class=\"icon-cog ic-holder-1\"><\/i><h4 class=\"bold\">Matem\u00e1ticas<\/h4><div class=\"hb-small-break\"><\/div><\/div><\/li>\n<li><div class=\"feature-box aligncenter\"><i class=\"icon-pencil ic-holder-1\"><\/i><h4 class=\"bold\">Redacci\u00f3n<\/h4><div class=\"hb-small-break\"><\/div><\/div><\/li>\n<li><div class=\"feature-box aligncenter\"><i class=\"icon-book ic-holder-1\"><\/i><h4 class=\"bold\">Lectura<\/h4><div class=\"hb-small-break\"><\/div><\/div><\/li>\n<li><div class=\"feature-box aligncenter\"><i class=\"icon-trophy ic-holder-1\"><\/i><h4 class=\"bold\">T\u00e9cnicas para rendir la prueba<\/h4><div class=\"hb-small-break\"><\/div><\/div><\/li>\n<\/ul><\/div>\n<h3 style=\"text-align: left; font-size: 24px;\"><strong>\u00bfC\u00f3mo te prepararemos para la PAA College Board?<\/strong><\/h3>\n<div class=\"shortcode-wrapper shortcode-list clearfix\"><ul class=\"hb-ul-list\">\n<li><i class=\"icon-ok\" style=\"color:#ba007c\"><\/i><strong>Clases personalizadas<\/strong> (m\u00e1ximo 8 estudiantes por grupo).<\/li>\n<li><i class=\"icon-ok\" style=\"color:#85b037\"><\/i>Curso <strong>100% online<\/strong> con clases en tiempo real.<\/li>\n<li><i class=\"icon-ok\" style=\"color:#7bbbe8\"><\/i><strong>Tutores especializados<\/strong> Certificados en Docencia Virtual.<\/li>\n<li><i class=\"icon-ok\" style=\"color:#db9600\"><\/i><strong>T\u00e9cnicas<\/strong> para Rendir el Examen.<\/li>\n<li><i class=\"icon-ok\" style=\"color:#70a83b\"><\/i>Tendr\u00e1s Acceso a nuestra plataforma <strong>Estudia Virtual<\/strong> 24\/7 hasta tu fecha de examen, incluye <strong>material digital<\/strong> de preparaci\u00f3n para el examen.<\/li>\n<li><i class=\"icon-ok\" style=\"color:#ba007c\"><\/i><strong>Practicando con Simuladores de la PAA <\/strong>del examen.<\/li>\n<\/ul><\/div>\n<h3 style=\"text-align: left; font-size: 24px;\"><strong>Contenido de Curso Mensual College Board<\/strong><\/h3>\n<h4><strong>Lectura y Redacci\u00f3n\u00a0<\/strong><\/h4>\n<ul>\n<li>An\u00e1lisis de textos literarios.<\/li>\n<li>An\u00e1lisis de textos no literarios.<\/li>\n<li>Vocabulario en contexto.<\/li>\n<li>An\u00e1lisis, interpretaci\u00f3n e inferencias.<\/li>\n<\/ul>\n<p>&nbsp;<\/p>\n<h4><strong>Matem\u00e1ticas\u00a0<\/strong><\/h4>\n<ul>\n<li>Aritm\u00e9tica<\/li>\n<li>\u00c1lgebra<\/li>\n<li>Geometr\u00eda<\/li>\n<li>An\u00e1lisis de datos y Probabilidad<\/li>\n<\/ul>\n<p>&nbsp;<\/p>\n<h3 class=\"alignleft\"><strong>\u00bfPor qu\u00e9 es necesario tomar un curso de preparaci\u00f3n para ingresar a la Universidad?<\/strong><\/h3>\n<p>En primer lugar, <b>prepararte para el ingreso a la Universidad te da la ventaja de saber a qu\u00e9 te atienes el d\u00eda del examen<\/b>. En segundo lugar, la asesor\u00eda que recibir\u00e1s te despejar\u00e1 muchas de tus dudas y te dar\u00e1 confianza. Con esto en cuenta, te traemos otras ventajas de realizar el <a href=\"https:\/\/estudiainteligente.com\/site\/examen-college-board-usfq\/\" target=\"_blank\" rel=\"noopener\">curso de preparaci\u00f3n para la Prueba de Admisi\u00f3n Universitaria PAA College Board<\/a>:<br \/>\n<div class=\"shortcode-wrapper shortcode-list clearfix\"><ul class=\"hb-ul-list\">\n<li><i class=\"icon-ok\" style=\"color:#ce6b01\"><\/i>Primeramente, estudiar\u00e1s los temas que competen al examen.<\/li>\n<li><i class=\"icon-ok\" style=\"color:#70a83b\"><\/i>De este modo, practicar\u00e1s con ejercicios modelos del examen.<\/li>\n<li><i class=\"icon-ok\" style=\"color:#009bdb\"><\/i>Adem\u00e1s, puedes familiarizarte con el examen.<\/li>\n<li><i class=\"icon-ok\" style=\"color:#db9600\"><\/i>Adicionalmente, tus tutores te guiar\u00e1n en las t\u00e9cnicas y tips para rendir el examen.<\/li>\n<li><i class=\"icon-ok\" style=\"color:#7bbbe8\"><\/i>Asimismo, har\u00e1s los simuladores de forma guiada junto a tus profesores.<\/li>\n<li><i class=\"icon-ok\" style=\"color:#ba007c\"><\/i>Finalmente, te beneficiar\u00e1s de la experiencia que tenemos en este curso para que tu preparaci\u00f3n sea completamente provechosa.<\/li>\n<\/ul><\/div>\n<p>Finalmente, \u00bftienes preguntas sobre nuestros simuladores o cursos?<\/p>\n<p>Escr\u00edbenos a nuestro<strong> <a href=\"https:\/\/wa.me\/message\/DSGEYLXGEBW5B1\" target=\"_blank\" rel=\"noopener\">WhatsApp 0987960020<\/a><\/strong>. \u00a1Recuerda, estamos siempre felices de ayudarte!<\/p>\n<a href=\"https:\/\/wa.me\/message\/DSGEYLXGEBW5B1\" class=\"hb-button hb-green-sea hb-large-button no-three-d\" target=\"_blank\" style=\"-webkit-border-radius: 2px;-moz-border-radius: 2px;border-radius: 2px;\"><i class=\"hb-moon-call-outgoing\"><\/i>WhatsApp +593-98-796-0020<\/a>\n<div class=\"shortcode-wrapper shortcode-testimonial-box testimonial-box-wrapper\"><div class=\"row\"><div class=\"col-4\"><div class=\"hb-testimonial-box\">\t\t\n\t\t<div class=\"hb-testimonial\">\n\t\t\t<p>Muy eficiente. Me ayudaron much\u00edsimo a rendir mi examen de admisi\u00f3n con tranquilidad y a alcanzar un buen puntaje. <strong>\u00a1100% recomendado!<\/strong><\/p>\n\t\t<\/div>\n\t\t\t\t\t\t\t\n\t\t<img decoding=\"async\" src=\"https:\/\/estudiainteligente.com\/site\/wp-content\/uploads\/2025\/06\/Captura-de-pantalla-2025-06-06-172714-150x150-60x60.png\" width=\"60\" height=\"60\" class=\"testimonial-author-img\"\/><div class=\"testimonial-author\"><h5 class=\"testimonial-author-name\">Avril Mac\u00edas<\/h5><\/div><\/div><\/div><div class=\"col-4\"><div class=\"hb-testimonial-box\">\t\t\n\t\t<div class=\"hb-testimonial\">\n\t\t\t<p class=\"cvGsUA direction-ltr align-center para-style-body\"><span class=\"OYPEnA font-feature-liga-off font-feature-clig-off font-feature-calt-off text-decoration-none text-strikethrough-none\">He tenido la gran oportunidad de vivir esta experiencia gracias a <\/span><strong><span class=\"OYPEnA font-feature-liga-off font-feature-clig-off font-feature-calt-off text-decoration-none text-strikethrough-none\">Estudia Inteligente<\/span><\/strong><span class=\"OYPEnA font-feature-liga-off font-feature-clig-off font-feature-calt-off text-decoration-none text-strikethrough-none\">, donde aprend\u00ed habilidades cognitivas y de razonamiento con docentes altamente capacitados.<\/span><\/p>\n<p class=\"cvGsUA direction-ltr align-center para-style-body\"><span class=\"OYPEnA font-feature-liga-off font-feature-clig-off font-feature-calt-off text-decoration-none text-strikethrough-none\">Esta preparaci\u00f3n me permiti\u00f3 alcanzar mi objetivo: obtener un puntaje de 2008\/2400 y participar por una beca en la mejor universidad del pa\u00eds, la USFQ. Recomiendo completamente vivir esta gran experiencia.<\/span><\/p>\n\t\t<\/div>\n\t\t\t\t\t\t\t\n\t\t<img decoding=\"async\" src=\"https:\/\/estudiainteligente.com\/site\/wp-content\/uploads\/2025\/05\/Captura-de-pantalla-2025-05-16-172539-150x150-60x60.png\" width=\"60\" height=\"60\" class=\"testimonial-author-img\"\/><div class=\"testimonial-author\"><h5 class=\"testimonial-author-name\">Axel Chaluiza<\/h5><a class=\"testimonial-company\">USFQ Medicina<\/a><\/div><\/div><\/div><div class=\"col-4\"><div class=\"hb-testimonial-box\">\t\t\n\t\t<div class=\"hb-testimonial\">\n\t\t\t<p>Recomiendo este curso para cualquier persona que est\u00e9 deseando prepararse para poder dar la prueba de admisi\u00f3n de la USFQ. Los profesores fueron muy puntuales con las horas de ingreso y se pudo realizar el curso sin mayor dificultad. Adicionalmente, siempre estaban dispuestos a asistir en cualquier duda que se presentara durante el transcurso de la clase, especialmente de buena manera. Los recursos adicionales tambi\u00e9n fueron una gran ayuda entre clases y durante ellas, ya que permit\u00edan que nosotros pudi\u00e9ramos tener simuladores de alta calidad para acostumbrarnos r\u00e1pidamente a la manera en la que se presentaban las preguntas en la prueba. Otro punto que cabe destacar es que el profesor de matem\u00e1ticas pidi\u00f3 horas adicionales para poder darnos las materias de manera completa y extensiva, resaltando su nivel de compromiso con los estudiantes y nuestro \u00e9xito en la prueba.<br \/>\nNotas de ingreso:<br \/>\nAp verbal: 1.028\/1200<br \/>\nAp Matematica: 1.059\/1200<\/p>\n\t\t<\/div>\n\t\t\t\t\t\t\t\n\t\t<img decoding=\"async\" src=\"https:\/\/estudiainteligente.com\/site\/wp-content\/uploads\/2025\/04\/Captura-de-pantalla-2025-04-17-185909-150x150-60x60.png\" width=\"60\" height=\"60\" class=\"testimonial-author-img\"\/><div class=\"testimonial-author\"><h5 class=\"testimonial-author-name\">JOAQUIN NOBOA<\/h5><\/div><\/div><\/div><\/div><div class=\"row\"><div class=\"col-4\"><div class=\"hb-testimonial-box\">\t\t\n\t\t<div class=\"hb-testimonial\">\n\t\t\t<p>Mi experiencia en <strong>Estudia Inteligente<\/strong> fue excelente. Gracias a su metodolog\u00eda y acompa\u00f1amiento, logr\u00e9 obtener <strong>2040 puntos<\/strong> en la prueba de la <strong>USFQ<\/strong>. Los profesores est\u00e1n siempre dispuestos a ayudar y brindan herramientas efectivas para el aprendizaje. Recomiendo totalmente este preuniversitario a quienes buscan tener un buen desempe\u00f1o en este tipo de pruebas.<\/p>\n\t\t<\/div>\n\t\t\t\t\t\t\t\n\t\t<img decoding=\"async\" src=\"https:\/\/estudiainteligente.com\/site\/wp-content\/uploads\/2025\/03\/image-1-150x150-60x60.jpg\" width=\"60\" height=\"60\" class=\"testimonial-author-img\"\/><div class=\"testimonial-author\"><h5 class=\"testimonial-author-name\">SABINE NOLIVOS<\/h5><a class=\"testimonial-company\">USFQ<\/a><\/div><\/div><\/div><\/div>\n","protected":false},"excerpt":{"rendered":"<h1 style=\"text-align: left;\">Curso College Board PAA<\/h1>\n<p>En nuestro <strong>curso de preparaci\u00f3n mensual para la PAA College Board<\/strong> recibir\u00e1s 20h de clases online en tiempo real 100% interactivas y personalizadas con los mejores tutores, en otras palabras, Estudia Inteligente es tu mejor opci\u00f3n.<\/p>\n","protected":false},"featured_media":10120,"template":"","meta":[],"product_brand":[],"product_cat":[86],"product_tag":[462,458,461,463,453,485,450],"class_list":{"0":"post-8091","1":"product","2":"type-product","3":"status-publish","4":"has-post-thumbnail","6":"product_cat-cursos","7":"product_tag-admision","8":"product_tag-cursousfq","9":"product_tag-ingresousfq","10":"product_tag-usfqcurso","11":"product_tag-admisionusfq","12":"product_tag-college-board","13":"product_tag-usfq","15":"first","16":"instock","17":"taxable","18":"shipping-taxable","19":"purchasable","20":"product-type-variable","21":"has-default-attributes"},"yoast_head":"<!-- This site is optimized with the Yoast SEO plugin v27.2 - https:\/\/yoast.com\/product\/yoast-seo-wordpress\/ -->\n<title>Preparaci\u00f3n PAA CollegeBoard - Estudia Inteligente<\/title>\n<meta name=\"description\" content=\"Curso College Board PAA 100% Personalizado. Prep\u00e1rate de forma inteligente con nosotros e ingresa la universidad de tus sue\u00f1os.\" \/>\n<meta name=\"robots\" content=\"index, follow, max-snippet:-1, max-image-preview:large, max-video-preview:-1\" \/>\n<link rel=\"canonical\" href=\"https:\/\/estudiainteligente.com\/site\/producto\/curso-college-board-paa-2\/\" \/>\n<meta property=\"og:locale\" content=\"es_ES\" \/>\n<meta property=\"og:type\" content=\"article\" \/>\n<meta property=\"og:title\" content=\"Preparaci\u00f3n PAA CollegeBoard - Estudia Inteligente\" \/>\n<meta property=\"og:description\" content=\"Curso College Board PAA 100% Personalizado. Prep\u00e1rate de forma inteligente con nosotros e ingresa la universidad de tus sue\u00f1os.\" \/>\n<meta property=\"og:url\" content=\"https:\/\/estudiainteligente.com\/site\/producto\/curso-college-board-paa-2\/\" \/>\n<meta property=\"og:site_name\" content=\"Estudia Inteligente\" \/>\n<meta property=\"article:publisher\" content=\"http:\/\/www.facebook.com\/estudiainteligente\" \/>\n<meta property=\"article:modified_time\" content=\"2025-03-13T20:37:14+00:00\" \/>\n<meta property=\"og:image\" content=\"https:\/\/estudiainteligente.com\/site\/wp-content\/uploads\/2023\/03\/Curso-Preuniversitario-USFQ-2023.jpg\" \/>\n\t<meta property=\"og:image:width\" content=\"526\" \/>\n\t<meta property=\"og:image:height\" content=\"350\" \/>\n\t<meta property=\"og:image:type\" content=\"image\/jpeg\" \/>\n<meta name=\"twitter:card\" content=\"summary_large_image\" \/>\n<meta name=\"twitter:label1\" content=\"Tiempo de lectura\" \/>\n\t<meta name=\"twitter:data1\" content=\"2 minutos\" \/>\n<script type=\"application\/ld+json\" class=\"yoast-schema-graph\">{\"@context\":\"https:\/\/schema.org\",\"@graph\":[{\"@type\":\"WebPage\",\"@id\":\"https:\/\/estudiainteligente.com\/site\/producto\/curso-college-board-paa-2\/\",\"url\":\"https:\/\/estudiainteligente.com\/site\/producto\/curso-college-board-paa-2\/\",\"name\":\"Preparaci\u00f3n PAA CollegeBoard - Estudia Inteligente\",\"isPartOf\":{\"@id\":\"https:\/\/estudiainteligente.com\/site\/#website\"},\"primaryImageOfPage\":{\"@id\":\"https:\/\/estudiainteligente.com\/site\/producto\/curso-college-board-paa-2\/#primaryimage\"},\"image\":{\"@id\":\"https:\/\/estudiainteligente.com\/site\/producto\/curso-college-board-paa-2\/#primaryimage\"},\"thumbnailUrl\":\"https:\/\/estudiainteligente.com\/site\/wp-content\/uploads\/2023\/03\/Curso-Preuniversitario-USFQ-2023.jpg\",\"datePublished\":\"2022-06-02T20:04:24+00:00\",\"dateModified\":\"2025-03-13T20:37:14+00:00\",\"description\":\"Curso College Board PAA 100% Personalizado. Prep\u00e1rate de forma inteligente con nosotros e ingresa la universidad de tus sue\u00f1os.\",\"breadcrumb\":{\"@id\":\"https:\/\/estudiainteligente.com\/site\/producto\/curso-college-board-paa-2\/#breadcrumb\"},\"inLanguage\":\"es\",\"potentialAction\":[{\"@type\":\"ReadAction\",\"target\":[\"https:\/\/estudiainteligente.com\/site\/producto\/curso-college-board-paa-2\/\"]}]},{\"@type\":\"ImageObject\",\"inLanguage\":\"es\",\"@id\":\"https:\/\/estudiainteligente.com\/site\/producto\/curso-college-board-paa-2\/#primaryimage\",\"url\":\"https:\/\/estudiainteligente.com\/site\/wp-content\/uploads\/2023\/03\/Curso-Preuniversitario-USFQ-2023.jpg\",\"contentUrl\":\"https:\/\/estudiainteligente.com\/site\/wp-content\/uploads\/2023\/03\/Curso-Preuniversitario-USFQ-2023.jpg\",\"width\":526,\"height\":350,\"caption\":\"Curso Preuniversitario USFQ\"},{\"@type\":\"BreadcrumbList\",\"@id\":\"https:\/\/estudiainteligente.com\/site\/producto\/curso-college-board-paa-2\/#breadcrumb\",\"itemListElement\":[{\"@type\":\"ListItem\",\"position\":1,\"name\":\"Portada\",\"item\":\"https:\/\/estudiainteligente.com\/site\/\"},{\"@type\":\"ListItem\",\"position\":2,\"name\":\"Tienda\",\"item\":\"https:\/\/estudiainteligente.com\/site\/tienda\/\"},{\"@type\":\"ListItem\",\"position\":3,\"name\":\"Curso College Board PAA\"}]},{\"@type\":\"WebSite\",\"@id\":\"https:\/\/estudiainteligente.com\/site\/#website\",\"url\":\"https:\/\/estudiainteligente.com\/site\/\",\"name\":\"Estudia Inteligente\",\"description\":\"Centro de estudios y Clases de nivelaci\u00f3n\",\"publisher\":{\"@id\":\"https:\/\/estudiainteligente.com\/site\/#organization\"},\"potentialAction\":[{\"@type\":\"SearchAction\",\"target\":{\"@type\":\"EntryPoint\",\"urlTemplate\":\"https:\/\/estudiainteligente.com\/site\/?s={search_term_string}\"},\"query-input\":{\"@type\":\"PropertyValueSpecification\",\"valueRequired\":true,\"valueName\":\"search_term_string\"}}],\"inLanguage\":\"es\"},{\"@type\":\"Organization\",\"@id\":\"https:\/\/estudiainteligente.com\/site\/#organization\",\"name\":\"Estudia Inteligente\",\"url\":\"https:\/\/estudiainteligente.com\/site\/\",\"logo\":{\"@type\":\"ImageObject\",\"inLanguage\":\"es\",\"@id\":\"https:\/\/estudiainteligente.com\/site\/#\/schema\/logo\/image\/\",\"url\":\"https:\/\/i0.wp.com\/estudiainteligente.com\/site\/wp-content\/uploads\/2019\/02\/LogoWeb.png?fit=230%2C134&ssl=1\",\"contentUrl\":\"https:\/\/i0.wp.com\/estudiainteligente.com\/site\/wp-content\/uploads\/2019\/02\/LogoWeb.png?fit=230%2C134&ssl=1\",\"width\":230,\"height\":134,\"caption\":\"Estudia Inteligente\"},\"image\":{\"@id\":\"https:\/\/estudiainteligente.com\/site\/#\/schema\/logo\/image\/\"},\"sameAs\":[\"http:\/\/www.facebook.com\/estudiainteligente\",\"https:\/\/www.instagram.com\/estudiainteligente\/\",\"https:\/\/www.pinterest.com\/estudiainteligente\/\",\"https:\/\/www.youtube.com\/channel\/UCWmGCRKEufrBD1bhksU5XGw\"]}]}<\/script>\n<!-- \/ Yoast SEO plugin. -->","yoast_head_json":{"title":"Preparaci\u00f3n PAA CollegeBoard - Estudia Inteligente","description":"Curso College Board PAA 100% Personalizado. Prep\u00e1rate de forma inteligente con nosotros e ingresa la universidad de tus sue\u00f1os.","robots":{"index":"index","follow":"follow","max-snippet":"max-snippet:-1","max-image-preview":"max-image-preview:large","max-video-preview":"max-video-preview:-1"},"canonical":"https:\/\/estudiainteligente.com\/site\/producto\/curso-college-board-paa-2\/","og_locale":"es_ES","og_type":"article","og_title":"Preparaci\u00f3n PAA CollegeBoard - Estudia Inteligente","og_description":"Curso College Board PAA 100% Personalizado. Prep\u00e1rate de forma inteligente con nosotros e ingresa la universidad de tus sue\u00f1os.","og_url":"https:\/\/estudiainteligente.com\/site\/producto\/curso-college-board-paa-2\/","og_site_name":"Estudia Inteligente","article_publisher":"http:\/\/www.facebook.com\/estudiainteligente","article_modified_time":"2025-03-13T20:37:14+00:00","og_image":[{"width":526,"height":350,"url":"https:\/\/estudiainteligente.com\/site\/wp-content\/uploads\/2023\/03\/Curso-Preuniversitario-USFQ-2023.jpg","type":"image\/jpeg"}],"twitter_card":"summary_large_image","twitter_misc":{"Tiempo de lectura":"2 minutos"},"schema":{"@context":"https:\/\/schema.org","@graph":[{"@type":"WebPage","@id":"https:\/\/estudiainteligente.com\/site\/producto\/curso-college-board-paa-2\/","url":"https:\/\/estudiainteligente.com\/site\/producto\/curso-college-board-paa-2\/","name":"Preparaci\u00f3n PAA CollegeBoard - Estudia Inteligente","isPartOf":{"@id":"https:\/\/estudiainteligente.com\/site\/#website"},"primaryImageOfPage":{"@id":"https:\/\/estudiainteligente.com\/site\/producto\/curso-college-board-paa-2\/#primaryimage"},"image":{"@id":"https:\/\/estudiainteligente.com\/site\/producto\/curso-college-board-paa-2\/#primaryimage"},"thumbnailUrl":"https:\/\/estudiainteligente.com\/site\/wp-content\/uploads\/2023\/03\/Curso-Preuniversitario-USFQ-2023.jpg","datePublished":"2022-06-02T20:04:24+00:00","dateModified":"2025-03-13T20:37:14+00:00","description":"Curso College Board PAA 100% Personalizado. Prep\u00e1rate de forma inteligente con nosotros e ingresa la universidad de tus sue\u00f1os.","breadcrumb":{"@id":"https:\/\/estudiainteligente.com\/site\/producto\/curso-college-board-paa-2\/#breadcrumb"},"inLanguage":"es","potentialAction":[{"@type":"ReadAction","target":["https:\/\/estudiainteligente.com\/site\/producto\/curso-college-board-paa-2\/"]}]},{"@type":"ImageObject","inLanguage":"es","@id":"https:\/\/estudiainteligente.com\/site\/producto\/curso-college-board-paa-2\/#primaryimage","url":"https:\/\/estudiainteligente.com\/site\/wp-content\/uploads\/2023\/03\/Curso-Preuniversitario-USFQ-2023.jpg","contentUrl":"https:\/\/estudiainteligente.com\/site\/wp-content\/uploads\/2023\/03\/Curso-Preuniversitario-USFQ-2023.jpg","width":526,"height":350,"caption":"Curso Preuniversitario USFQ"},{"@type":"BreadcrumbList","@id":"https:\/\/estudiainteligente.com\/site\/producto\/curso-college-board-paa-2\/#breadcrumb","itemListElement":[{"@type":"ListItem","position":1,"name":"Portada","item":"https:\/\/estudiainteligente.com\/site\/"},{"@type":"ListItem","position":2,"name":"Tienda","item":"https:\/\/estudiainteligente.com\/site\/tienda\/"},{"@type":"ListItem","position":3,"name":"Curso College Board PAA"}]},{"@type":"WebSite","@id":"https:\/\/estudiainteligente.com\/site\/#website","url":"https:\/\/estudiainteligente.com\/site\/","name":"Estudia Inteligente","description":"Centro de estudios y Clases de nivelaci\u00f3n","publisher":{"@id":"https:\/\/estudiainteligente.com\/site\/#organization"},"potentialAction":[{"@type":"SearchAction","target":{"@type":"EntryPoint","urlTemplate":"https:\/\/estudiainteligente.com\/site\/?s={search_term_string}"},"query-input":{"@type":"PropertyValueSpecification","valueRequired":true,"valueName":"search_term_string"}}],"inLanguage":"es"},{"@type":"Organization","@id":"https:\/\/estudiainteligente.com\/site\/#organization","name":"Estudia Inteligente","url":"https:\/\/estudiainteligente.com\/site\/","logo":{"@type":"ImageObject","inLanguage":"es","@id":"https:\/\/estudiainteligente.com\/site\/#\/schema\/logo\/image\/","url":"https:\/\/i0.wp.com\/estudiainteligente.com\/site\/wp-content\/uploads\/2019\/02\/LogoWeb.png?fit=230%2C134&ssl=1","contentUrl":"https:\/\/i0.wp.com\/estudiainteligente.com\/site\/wp-content\/uploads\/2019\/02\/LogoWeb.png?fit=230%2C134&ssl=1","width":230,"height":134,"caption":"Estudia Inteligente"},"image":{"@id":"https:\/\/estudiainteligente.com\/site\/#\/schema\/logo\/image\/"},"sameAs":["http:\/\/www.facebook.com\/estudiainteligente","https:\/\/www.instagram.com\/estudiainteligente\/","https:\/\/www.pinterest.com\/estudiainteligente\/","https:\/\/www.youtube.com\/channel\/UCWmGCRKEufrBD1bhksU5XGw"]}]}},"post_mailing_queue_ids":[],"_links":{"self":[{"href":"https:\/\/estudiainteligente.com\/site\/wp-json\/wp\/v2\/product\/8091","targetHints":{"allow":["GET"]}}],"collection":[{"href":"https:\/\/estudiainteligente.com\/site\/wp-json\/wp\/v2\/product"}],"about":[{"href":"https:\/\/estudiainteligente.com\/site\/wp-json\/wp\/v2\/types\/product"}],"wp:featuredmedia":[{"embeddable":true,"href":"https:\/\/estudiainteligente.com\/site\/wp-json\/wp\/v2\/media\/10120"}],"wp:attachment":[{"href":"https:\/\/estudiainteligente.com\/site\/wp-json\/wp\/v2\/media?parent=8091"}],"wp:term":[{"taxonomy":"product_brand","embeddable":true,"href":"https:\/\/estudiainteligente.com\/site\/wp-json\/wp\/v2\/product_brand?post=8091"},{"taxonomy":"product_cat","embeddable":true,"href":"https:\/\/estudiainteligente.com\/site\/wp-json\/wp\/v2\/product_cat?post=8091"},{"taxonomy":"product_tag","embeddable":true,"href":"https:\/\/estudiainteligente.com\/site\/wp-json\/wp\/v2\/product_tag?post=8091"}],"curies":[{"name":"wp","href":"https:\/\/api.w.org\/{rel}","templated":true}]}}