{"id":8715,"date":"2022-07-25T19:59:50","date_gmt":"2022-07-26T00:59:50","guid":{"rendered":"https:\/\/estudiainteligente.com\/site\/?post_type=product&#038;p=8715"},"modified":"2024-01-17T18:38:46","modified_gmt":"2024-01-17T23:38:46","slug":"preuniversitario-uide","status":"publish","type":"product","link":"https:\/\/estudiainteligente.com\/site\/producto\/preuniversitario-uide\/","title":{"rendered":"Preuniversitario UIDE"},"content":{"rendered":"<h3 style=\"text-align: center;\"><strong>\u00a1Prep\u00e1rate para ingresar a la UIDE!<\/strong><\/h3>\n<h3 style=\"text-align: left;\">Estudia de forma inteligente en el MEJOR curso Preuniversitario para ingresar en la UIDE.<\/h3>\n<h3 class=\"alignleft\">Contenido de nuestro Curso Preuniversitario UIDE<\/h3>\n<h3><\/h3>\n<div class=\"shortcode-wrapper shortcode-list clearfix\"><ul class=\"hb-ul-list\">\n<li><i class=\"icon-ok\" style=\"color:#ba007c\"><\/i><strong>Clases personalizadas<\/strong>.<\/li>\n<li><i class=\"icon-ok\" style=\"color:#85b037\"><\/i>Curso <strong>100% online<\/strong> con clases en tiempo real.<\/li>\n<li><i class=\"icon-ok\" style=\"color:#ce6b01\"><\/i>Preparaci\u00f3n <strong>espec\u00edfica para el examen de ingreso y la prueba psicot\u00e9cnica.<\/strong><\/li>\n<li><i class=\"icon-ok\" style=\"color:#7bbbe8\"><\/i><strong>Tutores especializados<\/strong> Certificados en Docencia Virtual.<\/li>\n<li><i class=\"icon-ok\" style=\"color:#db9600\"><\/i><strong>T\u00e9cnicas<\/strong> para Rendir el Examen.<\/li>\n<li><i class=\"icon-ok\" style=\"color:#70a83b\"><\/i>Acceso a nuestra plataforma <strong>Estudia Virtual<\/strong> 24\/7 hasta tu fecha de examen, incluye\u00a0<strong>material digital<\/strong> de preparaci\u00f3n para el examen.<\/li>\n<li><i class=\"icon-ok\" style=\"color:#ba007c\"><\/i><strong>Simuladores completos del examen.<\/strong><\/li>\n<\/ul><\/div>\n<p>&nbsp;<\/p>\n<h3 class=\"alignleft\"><strong>\u00bfPor qu\u00e9 es necesario tomar un curso de preparaci\u00f3n para ingresar a la Universidad?<\/strong><\/h3>\n<p>En primer lugar, <b>prepararte para el ingreso a la Universidad te da la ventaja de saber a qu\u00e9 te atienes el d\u00eda del examen<\/b>. En segundo lugar, la asesor\u00eda que recibir\u00e1s te despejar\u00e1 muchas de tus dudas y te dar\u00e1 confianza. Con esto en cuenta, te traemos otras ventajas de realizar el curso de preparaci\u00f3n para el examen de admisi\u00f3n a la UIDE:<br \/>\n<div class=\"shortcode-wrapper shortcode-list clearfix\"><ul class=\"hb-ul-list\">\n<li><i class=\"icon-ok\" style=\"color:#ce6b01\"><\/i>Primeramente, estudiar\u00e1s los temas que competen al examen.<\/li>\n<li><i class=\"icon-ok\" style=\"color:#70a83b\"><\/i>De este modo, practicar\u00e1s con ejercicios modelos del examen.<\/li>\n<li><i class=\"icon-ok\" style=\"color:#009bdb\"><\/i>Adem\u00e1s, puedes familiarizarte con el examen.<\/li>\n<li><i class=\"icon-ok\" style=\"color:#db9600\"><\/i>Adicionalmente, tus tutores te guiar\u00e1n en las t\u00e9cnicas y tips para rendir el examen.<\/li>\n<li><i class=\"icon-ok\" style=\"color:#7bbbe8\"><\/i>Asimismo, har\u00e1s simuladores de forma guiada junto a tus profesores.<\/li>\n<li><i class=\"icon-ok\" style=\"color:#ba007c\"><\/i>Finalmente, te beneficiar\u00e1s de la experiencia que tenemos en este curso para que tu preparaci\u00f3n sea completamente provechosa.<\/li>\n<\/ul><\/div>\n<h3 style=\"text-align: center;\">+4.000 estudiantes han ingresado a la universidad con nuestros cursos preuniversitarios<\/h3>\n<p>El 95% de los estudiantes que se preparan con Estudia Inteligente ingresa la universidad. Este gran \u00e9xito es debido a que nuestra metodolog\u00eda nos permite centrarnos en las necesidades espec\u00edficas de cada estudiante para de esta manera ense\u00f1ale justo lo que necesita. Por otro lado, nuestros<strong> simuladores del examen<\/strong> est\u00e1n estructurados a la semejanza de cada examen de admisi\u00f3n.<\/p>\n<p>\u00a1Prep\u00e1rate de forma inteligente! Cumple tus metas e ingresa a la Universidad de tus sue\u00f1os.<\/p>\n<p>Finalmente, \u00bftienes preguntas sobre nuestros simuladores o cursos?<\/p>\n<p>Escr\u00edbenos a nuestro<strong> <a href=\"https:\/\/wa.me\/message\/DSGEYLXGEBW5B1\" target=\"_blank\" rel=\"noopener\">WhatsApp 0987960020<\/a><\/strong>. \u00a1Recuerda, estamos siempre felices de ayudarte!<\/p>\n<a href=\"https:\/\/api.whatsapp.com\/send?phone=593987960020&amp;text=Hola%20deseo%20%20conocer%20m%C3%A1s%20sobre%20el%20curso%20para%20la%20UIDE\" class=\"hb-button hb-green-sea hb-large-button no-three-d\" target=\"_blank\" style=\"-webkit-border-radius: 2px;-moz-border-radius: 2px;border-radius: 2px;\"><i class=\"hb-moon-call-outgoing\"><\/i>WhatsApp 0987960020<\/a>\n","protected":false},"excerpt":{"rendered":"<p>\u00a1Prep\u00e1rate para ingresar a la UIDE! Estudia de forma inteligente en el MEJOR curso Preuniversitario para ingresar en la UIDE. [&hellip;]<\/p>\n","protected":false},"featured_media":10129,"template":"","meta":[],"product_brand":[],"product_cat":[86,495],"product_tag":[462,483,496],"class_list":{"0":"post-8715","1":"product","2":"type-product","3":"status-publish","4":"has-post-thumbnail","6":"product_cat-cursos","7":"product_cat-preuniversitarios","8":"product_tag-admision","9":"product_tag-admisionuda","10":"product_tag-ucuenca","12":"first","13":"instock","14":"taxable","15":"shipping-taxable","16":"purchasable","17":"product-type-variable"},"yoast_head":"<!-- This site is optimized with the Yoast SEO plugin v27.5 - https:\/\/yoast.com\/product\/yoast-seo-wordpress\/ -->\n<title>Preuniversitario UIDE - Estudia Inteligente<\/title>\n<meta name=\"description\" content=\"Preuniversitario UIDE. Estudia de forma inteligente con nosotros y asegura tu ingreso a la U. Clases 100% personalizadas.\" \/>\n<meta name=\"robots\" content=\"index, follow, max-snippet:-1, max-image-preview:large, max-video-preview:-1\" \/>\n<link rel=\"canonical\" href=\"https:\/\/estudiainteligente.com\/site\/producto\/preuniversitario-uide\/\" \/>\n<meta property=\"og:locale\" content=\"es_ES\" \/>\n<meta property=\"og:type\" content=\"article\" \/>\n<meta property=\"og:title\" content=\"Preuniversitario UIDE - Estudia Inteligente\" \/>\n<meta property=\"og:description\" content=\"Preuniversitario UIDE. Estudia de forma inteligente con nosotros y asegura tu ingreso a la U. Clases 100% personalizadas.\" \/>\n<meta property=\"og:url\" content=\"https:\/\/estudiainteligente.com\/site\/producto\/preuniversitario-uide\/\" \/>\n<meta property=\"og:site_name\" content=\"Estudia Inteligente\" \/>\n<meta property=\"article:publisher\" content=\"http:\/\/www.facebook.com\/estudiainteligente\" \/>\n<meta property=\"article:modified_time\" content=\"2024-01-17T23:38:46+00:00\" \/>\n<meta property=\"og:image\" content=\"https:\/\/estudiainteligente.com\/site\/wp-content\/uploads\/2023\/03\/Curso-Preuniversitario-UIDE-2023.jpg\" \/>\n\t<meta property=\"og:image:width\" content=\"526\" \/>\n\t<meta property=\"og:image:height\" content=\"350\" \/>\n\t<meta property=\"og:image:type\" content=\"image\/jpeg\" \/>\n<meta name=\"twitter:card\" content=\"summary_large_image\" \/>\n<meta name=\"twitter:label1\" content=\"Tiempo de lectura\" \/>\n\t<meta name=\"twitter:data1\" content=\"2 minutos\" \/>\n<script type=\"application\/ld+json\" class=\"yoast-schema-graph\">{\"@context\":\"https:\\\/\\\/schema.org\",\"@graph\":[{\"@type\":\"WebPage\",\"@id\":\"https:\\\/\\\/estudiainteligente.com\\\/site\\\/producto\\\/preuniversitario-uide\\\/\",\"url\":\"https:\\\/\\\/estudiainteligente.com\\\/site\\\/producto\\\/preuniversitario-uide\\\/\",\"name\":\"Preuniversitario UIDE - Estudia Inteligente\",\"isPartOf\":{\"@id\":\"https:\\\/\\\/estudiainteligente.com\\\/site\\\/#website\"},\"primaryImageOfPage\":{\"@id\":\"https:\\\/\\\/estudiainteligente.com\\\/site\\\/producto\\\/preuniversitario-uide\\\/#primaryimage\"},\"image\":{\"@id\":\"https:\\\/\\\/estudiainteligente.com\\\/site\\\/producto\\\/preuniversitario-uide\\\/#primaryimage\"},\"thumbnailUrl\":\"https:\\\/\\\/estudiainteligente.com\\\/site\\\/wp-content\\\/uploads\\\/2023\\\/03\\\/Curso-Preuniversitario-UIDE-2023.jpg\",\"datePublished\":\"2022-07-26T00:59:50+00:00\",\"dateModified\":\"2024-01-17T23:38:46+00:00\",\"description\":\"Preuniversitario UIDE. Estudia de forma inteligente con nosotros y asegura tu ingreso a la U. Clases 100% personalizadas.\",\"breadcrumb\":{\"@id\":\"https:\\\/\\\/estudiainteligente.com\\\/site\\\/producto\\\/preuniversitario-uide\\\/#breadcrumb\"},\"inLanguage\":\"es\",\"potentialAction\":[{\"@type\":\"ReadAction\",\"target\":[\"https:\\\/\\\/estudiainteligente.com\\\/site\\\/producto\\\/preuniversitario-uide\\\/\"]}]},{\"@type\":\"ImageObject\",\"inLanguage\":\"es\",\"@id\":\"https:\\\/\\\/estudiainteligente.com\\\/site\\\/producto\\\/preuniversitario-uide\\\/#primaryimage\",\"url\":\"https:\\\/\\\/estudiainteligente.com\\\/site\\\/wp-content\\\/uploads\\\/2023\\\/03\\\/Curso-Preuniversitario-UIDE-2023.jpg\",\"contentUrl\":\"https:\\\/\\\/estudiainteligente.com\\\/site\\\/wp-content\\\/uploads\\\/2023\\\/03\\\/Curso-Preuniversitario-UIDE-2023.jpg\",\"width\":526,\"height\":350},{\"@type\":\"BreadcrumbList\",\"@id\":\"https:\\\/\\\/estudiainteligente.com\\\/site\\\/producto\\\/preuniversitario-uide\\\/#breadcrumb\",\"itemListElement\":[{\"@type\":\"ListItem\",\"position\":1,\"name\":\"Portada\",\"item\":\"https:\\\/\\\/estudiainteligente.com\\\/site\\\/\"},{\"@type\":\"ListItem\",\"position\":2,\"name\":\"Tienda\",\"item\":\"https:\\\/\\\/estudiainteligente.com\\\/site\\\/tienda\\\/\"},{\"@type\":\"ListItem\",\"position\":3,\"name\":\"Preuniversitario UIDE\"}]},{\"@type\":\"WebSite\",\"@id\":\"https:\\\/\\\/estudiainteligente.com\\\/site\\\/#website\",\"url\":\"https:\\\/\\\/estudiainteligente.com\\\/site\\\/\",\"name\":\"Estudia Inteligente\",\"description\":\"Centro de estudios y Clases de nivelaci\u00f3n\",\"publisher\":{\"@id\":\"https:\\\/\\\/estudiainteligente.com\\\/site\\\/#organization\"},\"potentialAction\":[{\"@type\":\"SearchAction\",\"target\":{\"@type\":\"EntryPoint\",\"urlTemplate\":\"https:\\\/\\\/estudiainteligente.com\\\/site\\\/?s={search_term_string}\"},\"query-input\":{\"@type\":\"PropertyValueSpecification\",\"valueRequired\":true,\"valueName\":\"search_term_string\"}}],\"inLanguage\":\"es\"},{\"@type\":\"Organization\",\"@id\":\"https:\\\/\\\/estudiainteligente.com\\\/site\\\/#organization\",\"name\":\"Estudia Inteligente\",\"url\":\"https:\\\/\\\/estudiainteligente.com\\\/site\\\/\",\"logo\":{\"@type\":\"ImageObject\",\"inLanguage\":\"es\",\"@id\":\"https:\\\/\\\/estudiainteligente.com\\\/site\\\/#\\\/schema\\\/logo\\\/image\\\/\",\"url\":\"https:\\\/\\\/i0.wp.com\\\/estudiainteligente.com\\\/site\\\/wp-content\\\/uploads\\\/2019\\\/02\\\/LogoWeb.png?fit=230%2C134&ssl=1\",\"contentUrl\":\"https:\\\/\\\/i0.wp.com\\\/estudiainteligente.com\\\/site\\\/wp-content\\\/uploads\\\/2019\\\/02\\\/LogoWeb.png?fit=230%2C134&ssl=1\",\"width\":230,\"height\":134,\"caption\":\"Estudia Inteligente\"},\"image\":{\"@id\":\"https:\\\/\\\/estudiainteligente.com\\\/site\\\/#\\\/schema\\\/logo\\\/image\\\/\"},\"sameAs\":[\"http:\\\/\\\/www.facebook.com\\\/estudiainteligente\",\"https:\\\/\\\/www.instagram.com\\\/estudiainteligente\\\/\",\"https:\\\/\\\/www.pinterest.com\\\/estudiainteligente\\\/\",\"https:\\\/\\\/www.youtube.com\\\/channel\\\/UCWmGCRKEufrBD1bhksU5XGw\"]}]}<\/script>\n<!-- \/ Yoast SEO plugin. -->","yoast_head_json":{"title":"Preuniversitario UIDE - Estudia Inteligente","description":"Preuniversitario UIDE. Estudia de forma inteligente con nosotros y asegura tu ingreso a la U. Clases 100% personalizadas.","robots":{"index":"index","follow":"follow","max-snippet":"max-snippet:-1","max-image-preview":"max-image-preview:large","max-video-preview":"max-video-preview:-1"},"canonical":"https:\/\/estudiainteligente.com\/site\/producto\/preuniversitario-uide\/","og_locale":"es_ES","og_type":"article","og_title":"Preuniversitario UIDE - Estudia Inteligente","og_description":"Preuniversitario UIDE. Estudia de forma inteligente con nosotros y asegura tu ingreso a la U. Clases 100% personalizadas.","og_url":"https:\/\/estudiainteligente.com\/site\/producto\/preuniversitario-uide\/","og_site_name":"Estudia Inteligente","article_publisher":"http:\/\/www.facebook.com\/estudiainteligente","article_modified_time":"2024-01-17T23:38:46+00:00","og_image":[{"width":526,"height":350,"url":"https:\/\/estudiainteligente.com\/site\/wp-content\/uploads\/2023\/03\/Curso-Preuniversitario-UIDE-2023.jpg","type":"image\/jpeg"}],"twitter_card":"summary_large_image","twitter_misc":{"Tiempo de lectura":"2 minutos"},"schema":{"@context":"https:\/\/schema.org","@graph":[{"@type":"WebPage","@id":"https:\/\/estudiainteligente.com\/site\/producto\/preuniversitario-uide\/","url":"https:\/\/estudiainteligente.com\/site\/producto\/preuniversitario-uide\/","name":"Preuniversitario UIDE - Estudia Inteligente","isPartOf":{"@id":"https:\/\/estudiainteligente.com\/site\/#website"},"primaryImageOfPage":{"@id":"https:\/\/estudiainteligente.com\/site\/producto\/preuniversitario-uide\/#primaryimage"},"image":{"@id":"https:\/\/estudiainteligente.com\/site\/producto\/preuniversitario-uide\/#primaryimage"},"thumbnailUrl":"https:\/\/estudiainteligente.com\/site\/wp-content\/uploads\/2023\/03\/Curso-Preuniversitario-UIDE-2023.jpg","datePublished":"2022-07-26T00:59:50+00:00","dateModified":"2024-01-17T23:38:46+00:00","description":"Preuniversitario UIDE. Estudia de forma inteligente con nosotros y asegura tu ingreso a la U. Clases 100% personalizadas.","breadcrumb":{"@id":"https:\/\/estudiainteligente.com\/site\/producto\/preuniversitario-uide\/#breadcrumb"},"inLanguage":"es","potentialAction":[{"@type":"ReadAction","target":["https:\/\/estudiainteligente.com\/site\/producto\/preuniversitario-uide\/"]}]},{"@type":"ImageObject","inLanguage":"es","@id":"https:\/\/estudiainteligente.com\/site\/producto\/preuniversitario-uide\/#primaryimage","url":"https:\/\/estudiainteligente.com\/site\/wp-content\/uploads\/2023\/03\/Curso-Preuniversitario-UIDE-2023.jpg","contentUrl":"https:\/\/estudiainteligente.com\/site\/wp-content\/uploads\/2023\/03\/Curso-Preuniversitario-UIDE-2023.jpg","width":526,"height":350},{"@type":"BreadcrumbList","@id":"https:\/\/estudiainteligente.com\/site\/producto\/preuniversitario-uide\/#breadcrumb","itemListElement":[{"@type":"ListItem","position":1,"name":"Portada","item":"https:\/\/estudiainteligente.com\/site\/"},{"@type":"ListItem","position":2,"name":"Tienda","item":"https:\/\/estudiainteligente.com\/site\/tienda\/"},{"@type":"ListItem","position":3,"name":"Preuniversitario UIDE"}]},{"@type":"WebSite","@id":"https:\/\/estudiainteligente.com\/site\/#website","url":"https:\/\/estudiainteligente.com\/site\/","name":"Estudia Inteligente","description":"Centro de estudios y Clases de nivelaci\u00f3n","publisher":{"@id":"https:\/\/estudiainteligente.com\/site\/#organization"},"potentialAction":[{"@type":"SearchAction","target":{"@type":"EntryPoint","urlTemplate":"https:\/\/estudiainteligente.com\/site\/?s={search_term_string}"},"query-input":{"@type":"PropertyValueSpecification","valueRequired":true,"valueName":"search_term_string"}}],"inLanguage":"es"},{"@type":"Organization","@id":"https:\/\/estudiainteligente.com\/site\/#organization","name":"Estudia Inteligente","url":"https:\/\/estudiainteligente.com\/site\/","logo":{"@type":"ImageObject","inLanguage":"es","@id":"https:\/\/estudiainteligente.com\/site\/#\/schema\/logo\/image\/","url":"https:\/\/i0.wp.com\/estudiainteligente.com\/site\/wp-content\/uploads\/2019\/02\/LogoWeb.png?fit=230%2C134&ssl=1","contentUrl":"https:\/\/i0.wp.com\/estudiainteligente.com\/site\/wp-content\/uploads\/2019\/02\/LogoWeb.png?fit=230%2C134&ssl=1","width":230,"height":134,"caption":"Estudia Inteligente"},"image":{"@id":"https:\/\/estudiainteligente.com\/site\/#\/schema\/logo\/image\/"},"sameAs":["http:\/\/www.facebook.com\/estudiainteligente","https:\/\/www.instagram.com\/estudiainteligente\/","https:\/\/www.pinterest.com\/estudiainteligente\/","https:\/\/www.youtube.com\/channel\/UCWmGCRKEufrBD1bhksU5XGw"]}]}},"post_mailing_queue_ids":[],"_links":{"self":[{"href":"https:\/\/estudiainteligente.com\/site\/wp-json\/wp\/v2\/product\/8715","targetHints":{"allow":["GET"]}}],"collection":[{"href":"https:\/\/estudiainteligente.com\/site\/wp-json\/wp\/v2\/product"}],"about":[{"href":"https:\/\/estudiainteligente.com\/site\/wp-json\/wp\/v2\/types\/product"}],"wp:featuredmedia":[{"embeddable":true,"href":"https:\/\/estudiainteligente.com\/site\/wp-json\/wp\/v2\/media\/10129"}],"wp:attachment":[{"href":"https:\/\/estudiainteligente.com\/site\/wp-json\/wp\/v2\/media?parent=8715"}],"wp:term":[{"taxonomy":"product_brand","embeddable":true,"href":"https:\/\/estudiainteligente.com\/site\/wp-json\/wp\/v2\/product_brand?post=8715"},{"taxonomy":"product_cat","embeddable":true,"href":"https:\/\/estudiainteligente.com\/site\/wp-json\/wp\/v2\/product_cat?post=8715"},{"taxonomy":"product_tag","embeddable":true,"href":"https:\/\/estudiainteligente.com\/site\/wp-json\/wp\/v2\/product_tag?post=8715"}],"curies":[{"name":"wp","href":"https:\/\/api.w.org\/{rel}","templated":true}]}}